{"id":954,"date":"2023-04-03T15:06:58","date_gmt":"2023-04-03T13:06:58","guid":{"rendered":"https:\/\/urbanisme.pia.fr\/?page_id=954"},"modified":"2025-02-06T10:15:51","modified_gmt":"2025-02-06T09:15:51","slug":"scot-corbieres-salanque-mediterranee","status":"publish","type":"page","link":"https:\/\/urbanisme.pia.fr\/index.php\/scot-corbieres-salanque-mediterranee\/","title":{"rendered":"SCOT Corbi\u00e8res Salanque M\u00e9diterran\u00e9e en cours d&rsquo;\u00e9laboration"},"content":{"rendered":"\n<p>Le Sch\u00e9ma de coh\u00e9rence territoriale (SCoT) est l\u2019outil de conception et de mise en \u0153uvre d\u2019une planification strat\u00e9gique intercommunale.<\/p>\n\n\n\n<p>Le Conseil Communautaire du 22 juillet 2019 a prescrit par D\u00e9lib\u00e9ration l&rsquo;\u00e9laboration du SCOT Corbi\u00e8res Salanque M\u00e9diterran\u00e9e.<\/p>\n\n\n<a href=\"https:\/\/urbanisme.pia.fr\/wp-content\/uploads\/2023\/04\/DCC_prescription.pdf\" class=\"pdfemb-viewer\" style=\"\" data-width=\"max\" data-height=\"max\" data-toolbar=\"bottom\" data-toolbar-fixed=\"off\">DCC_prescription<\/a>\n\n<p>Conform\u00e9ment aux modalit\u00e9s de concertation fix\u00e9es dans la d\u00e9lib\u00e9ration de prescription, la Communaut\u00e9 de Communes Corbi\u00e8res Salanque M\u00e9diterran\u00e9e a demander de mettre \u00e0 disposition du public sur le site internet de la commune de Pia le porter \u00e0 connaissance.<\/p>\n\n<a href=\"https:\/\/urbanisme.pia.fr\/wp-content\/uploads\/2023\/04\/PAC_SCOT_CSM.pdf\" class=\"pdfemb-viewer\" style=\"\" data-width=\"max\" data-height=\"max\" data-toolbar=\"bottom\" data-toolbar-fixed=\"off\">PAC_SCOT_CSM<\/a>\n\n<p>Les documents aff\u00e9rents aux \u00e9tudes du SCOT seront mis en ligne au fur et \u00e0 mesure de l&rsquo;avance de la proc\u00e9dure d&rsquo;\u00e9laboration du SCOT Corbi\u00e8res Salanque M\u00e9diterran\u00e9e.<\/p>\n<\/p>\n<p>De plus amples renseignements peuvent \u00eatre communiqu\u00e9s par la Communaut\u00e9 de Communes Corbi\u00e8res Salanque M\u00e9diterran\u00e9e :<\/p>\n<p>41, chemin du Mas Bordas<br \/>66530 CLAIRA<\/p>\n<\/p>\n<p>04 68 28 10 37<\/p>\n<\/p>\n<p>contact@c3sm.fr<\/p>\n<\/p>\n<p>www.c3sm.fr<\/p>\n\n\n<hr class=\"wp-block-separator has-alpha-channel-opacity\"\/>\n\n\n\n<h2 class=\"wp-block-heading has-text-align-center\">Contacter le P\u00f4le \u00ab\u00a0URBANISME &amp; ENVIRONNEMENT\u00a0\u00bb<\/h2>\n\n\n\n<div class=\"wp-block-columns are-vertically-aligned-center is-layout-flex wp-container-core-columns-is-layout-28f84493 wp-block-columns-is-layout-flex\">\n<div class=\"wp-block-column is-vertically-aligned-center is-layout-flow wp-block-column-is-layout-flow\">\n<p><img decoding=\"async\" class=\"wp-image-242 aligncenter\" src=\"https:\/\/urbanisme.pia.fr\/wp-content\/uploads\/2023\/02\/Logo-sans-texte-1-300x200.jpg\" alt=\"\" width=\"150\" height=\"100\" srcset=\"https:\/\/urbanisme.pia.fr\/wp-content\/uploads\/2023\/02\/Logo-sans-texte-1-300x200.jpg 300w, https:\/\/urbanisme.pia.fr\/wp-content\/uploads\/2023\/02\/Logo-sans-texte-1-1024x683.jpg 1024w, https:\/\/urbanisme.pia.fr\/wp-content\/uploads\/2023\/02\/Logo-sans-texte-1-768x512.jpg 768w, https:\/\/urbanisme.pia.fr\/wp-content\/uploads\/2023\/02\/Logo-sans-texte-1.jpg 1200w\" sizes=\"(max-width: 150px) 100vw, 150px\" \/><\/p>\n<p style=\"text-align: center;\">18, Avenue du Mar\u00e9chal Joffre<br \/>66380 Pia<\/p>\n<p style=\"text-align: center;\">T\u00e9l. : 04 68 63 75 43<br \/>Mail : <a href=\"mailto:urbanisme@pia.fr\" target=\"_blank\" rel=\"noopener\">urbanisme@pia.fr<\/a><\/p>\n<\/div>\n\n\n\n<div class=\"wp-block-column is-vertically-aligned-center is-layout-flow wp-block-column-is-layout-flow\">\n<h5 style=\"text-align: center;\"><strong>Horaires d&rsquo;ouverture<br \/>\u00e0 l&rsquo;accueil du public :<\/strong><\/h5>\n<p style=\"text-align: center;\">Lundi : 8H30 &#8211; 12H30<br \/>Mardi : 8H30 &#8211; 12H30<br \/>Mercredi : 14H00 &#8211; 17H30<br \/>Jeudi : 8H30 &#8211; 12H30<br \/>Vendredi : 14H00 &#8211; 17H30<\/p>\n<\/div>\n\n\n\n<div class=\"wp-block-column is-vertically-aligned-center is-layout-flow wp-block-column-is-layout-flow\">\n<h5 style=\"text-align: center;\"><strong>Sur rendez-vous,<br \/><\/strong><strong>en fonction du projet :<\/strong><\/h5>\n<p style=\"text-align: center;\">Lundi : 16H00 &#8211; 17H30<br \/>Mardi : 09H00 &#8211; 12H00<br \/>Mercredi : 09H00 &#8211; 12H30<br \/>Vendredi : 09H00 &#8211; 12H00 et 14H00 &#8211; 17H30<\/p>\n\n\n\n<p style=\"text-align: center;\"><em>Les demandes de RDV sont \u00e0 formuler par mail.<\/em><\/p>\n<\/div>\n<\/div>\n","protected":false},"excerpt":{"rendered":"<p>Le Sch\u00e9ma de coh\u00e9rence territoriale (SCoT) est l\u2019outil de conception et de mise en \u0153uvre d\u2019une planification strat\u00e9gique intercommunale. Le Conseil Communautaire du 22 juillet 2019 a prescrit par D\u00e9lib\u00e9ration l&rsquo;\u00e9laboration du SCOT Corbi\u00e8res Salanque M\u00e9diterran\u00e9e. Conform\u00e9ment aux modalit\u00e9s de concertation fix\u00e9es dans la d\u00e9lib\u00e9ration de prescription, la Communaut\u00e9 de Communes Corbi\u00e8res Salanque M\u00e9diterran\u00e9e a [&hellip;]<\/p>\n","protected":false},"author":2,"featured_media":0,"parent":0,"menu_order":0,"comment_status":"closed","ping_status":"closed","template":"","meta":{"footnotes":""},"class_list":["post-954","page","type-page","status-publish","hentry"],"_links":{"self":[{"href":"https:\/\/urbanisme.pia.fr\/index.php\/wp-json\/wp\/v2\/pages\/954","targetHints":{"allow":["GET"]}}],"collection":[{"href":"https:\/\/urbanisme.pia.fr\/index.php\/wp-json\/wp\/v2\/pages"}],"about":[{"href":"https:\/\/urbanisme.pia.fr\/index.php\/wp-json\/wp\/v2\/types\/page"}],"author":[{"embeddable":true,"href":"https:\/\/urbanisme.pia.fr\/index.php\/wp-json\/wp\/v2\/users\/2"}],"replies":[{"embeddable":true,"href":"https:\/\/urbanisme.pia.fr\/index.php\/wp-json\/wp\/v2\/comments?post=954"}],"version-history":[{"count":13,"href":"https:\/\/urbanisme.pia.fr\/index.php\/wp-json\/wp\/v2\/pages\/954\/revisions"}],"predecessor-version":[{"id":1773,"href":"https:\/\/urbanisme.pia.fr\/index.php\/wp-json\/wp\/v2\/pages\/954\/revisions\/1773"}],"wp:attachment":[{"href":"https:\/\/urbanisme.pia.fr\/index.php\/wp-json\/wp\/v2\/media?parent=954"}],"curies":[{"name":"wp","href":"https:\/\/api.w.org\/{rel}","templated":true}]}}