{"id":812,"date":"2023-03-28T11:41:21","date_gmt":"2023-03-28T09:41:21","guid":{"rendered":"https:\/\/urbanisme.pia.fr\/?page_id=812"},"modified":"2025-02-06T10:14:21","modified_gmt":"2025-02-06T09:14:21","slug":"revisionplu","status":"publish","type":"page","link":"https:\/\/urbanisme.pia.fr\/index.php\/revisionplu\/","title":{"rendered":"R\u00e9vision G\u00e9n\u00e9rale du PLU"},"content":{"rendered":"\n<p>La commune de Pia est dot\u00e9e d&rsquo;un Plan Local d\u2019Urbanisme (PLU) depuis le 18 mai 2013. Ce document, qui est le document d\u2019urbanisme, qui d\u00e9finit les possibilit\u00e9s d\u2019occupation des sols \u00e0 l\u2019\u00e9chelle du territoire  communal, a depuis fait l\u2019objet de plusieurs proc\u00e9dures.<\/p>\n\n\n<\/p>\n\n\n<div class=\"wp-block-columns is-layout-flex wp-container-core-columns-is-layout-28f84493 wp-block-columns-is-layout-flex\">\n<div class=\"wp-block-column is-vertically-aligned-center is-layout-flow wp-block-column-is-layout-flow\" style=\"flex-basis:33.33%\">\n<p><img fetchpriority=\"high\" decoding=\"async\" class=\"size-medium wp-image-814 aligncenter\" src=\"https:\/\/urbanisme.pia.fr\/wp-content\/uploads\/2023\/03\/CodeUrba-300x231.jpg\" alt=\"\" width=\"300\" height=\"231\" srcset=\"https:\/\/urbanisme.pia.fr\/wp-content\/uploads\/2023\/03\/CodeUrba-300x231.jpg 300w, https:\/\/urbanisme.pia.fr\/wp-content\/uploads\/2023\/03\/CodeUrba-768x593.jpg 768w, https:\/\/urbanisme.pia.fr\/wp-content\/uploads\/2023\/03\/CodeUrba.jpg 994w\" sizes=\"(max-width: 300px) 100vw, 300px\" \/><\/p>\n<\/div>\n\n\n\n<div class=\"wp-block-column is-layout-flow wp-block-column-is-layout-flow\" style=\"flex-basis:66.66%\">\n<p>Depuis 2013, le contexte l\u00e9gislatif a connu une \u00e9volution d\u2019importance concernant les documents d\u2019urbanisme par la promulgation successive de plusieurs lois et notamment :<\/p>\n<ul>\n<li>Loi n\u00b0 2010-788 du 12 juillet 2010 portant Engagement National pour l\u2019Environnement (dite \u00ab loi Grenelle 2 \u00bb) ;<\/li>\n<li>Loi n\u00b02014-366 du 24 mars 2014 portant sur l\u2019acc\u00e8s au logement un urbanisme r\u00e9nov\u00e9 (dite \u00ab loi ALUR \u00bb) ;<\/li>\n<li>Loi n\u00b02015-991 du 7 ao\u00fbt 2015 sur la Nouvelle Organisation Territoriale de la R\u00e9publique (dite \u00ab loi NOTRE \u00bb) ;<\/li>\n<li>Loi n\u00b02021-1104du 22 ao\u00fbt 2021 portant lutte contre le d\u00e9r\u00e8glement climatique et renforcement de la r\u00e9silience face \u00e0 ses effets (dite \u00ab loi Climat et R\u00e9silience \u00bb).<\/li>\n<\/ul>\n<\/div>\n<\/div>\n\n\n<\/p>\n\n\n<p>Ces \u00e9volutions des textes l\u00e9gislatifs ont modifi\u00e9 le cadre juridique, les objectifs fix\u00e9s et les dispositions encadrant le contenu des documents de planification et notamment des plans locaux d\u2019urbanisme.<br>Des documents de rang sup\u00e9rieur ont \u00e9galement \u00e9volu\u00e9 ou ont \u00e9t\u00e9 approuv\u00e9s depuis 2013.<\/p>\n\n\n\n<p><\/p>\n\n\n<\/p>\n\n\n<div class=\"wp-block-columns is-layout-flex wp-container-core-columns-is-layout-28f84493 wp-block-columns-is-layout-flex\">\n<div class=\"wp-block-column is-layout-flow wp-block-column-is-layout-flow\">\n<p>Conform\u00e9ment au Code de l\u2019Urbanisme, le conseil municipal a proc\u00e9d\u00e9 \u00e0 l\u2019analyse des r\u00e9sultats du PLU, par D\u00e9lib\u00e9ration du conseil municipal n\u00b0DE_2022_071 du 24 juin 2022, et ce bilan sur la p\u00e9riode entre 2013 et 2021 a r\u00e9v\u00e9l\u00e9 que :<\/p>\n\n\n\n<ul class=\"wp-block-list\">\n<li>Les objectifs fix\u00e9s par le PLU sont atteints ou obsol\u00e8tes. Le PLU a r\u00e9pondu aux attentes et aux enjeux du territoire tels que d\u00e9finis dans son rapport de pr\u00e9sentation de 2013. Toutefois, le document d\u2019urbanisme en vigueur ne correspond plus \u00e0 la politique urbaine que la ville entend mettre en \u0153uvre.<\/li>\n\n\n\n<li>Certains objectifs sont partiellement concr\u00e9tis\u00e9s et n\u00e9cessitent d\u2019\u00eatre selon le cas, soit renforc\u00e9s, soit att\u00e9nu\u00e9s, voire abandonn\u00e9s. De nouvelles orientations doivent \u00eatre d\u00e9finies pour les dix prochaines ann\u00e9es, dont notamment l\u2019ouverture \u00e0 l\u2019urbanisation d\u2019un nouveau secteur. La r\u00e9vision g\u00e9n\u00e9rale du PLU en cours est n\u00e9cessaire.<\/li>\n<\/ul>\n<\/div>\n\n\n\n<div class=\"wp-block-column is-vertically-aligned-center is-layout-flow wp-block-column-is-layout-flow\" style=\"flex-basis:250px\">\n<figure class=\"wp-block-image aligncenter size-full is-resized\"><img decoding=\"async\" width=\"577\" height=\"720\" src=\"https:\/\/urbanisme.pia.fr\/wp-content\/uploads\/2023\/03\/checklist.png\" alt=\"\" class=\"wp-image-815\" style=\"width:172px;height:214px\" srcset=\"https:\/\/urbanisme.pia.fr\/wp-content\/uploads\/2023\/03\/checklist.png 577w, https:\/\/urbanisme.pia.fr\/wp-content\/uploads\/2023\/03\/checklist-240x300.png 240w\" sizes=\"(max-width: 577px) 100vw, 577px\" \/><\/figure>\n<\/div>\n<\/div>\n\n\n<\/p>\n\n\n<p>Conscients de ces \u00e9l\u00e9ments, le Conseil Municipal de la commune de Pia a&nbsp;prescrit la r\u00e9vision du Plan Local d\u2019Urbanisme (PLU) par d\u00e9lib\u00e9ration du 04 octobre 2022. Cette r\u00e9vision poursuit des objectifs pr\u00e9cis :<\/p>\n\n\n\n<ul class=\"wp-block-list\">\n<li>Proposer un projet de ville global r\u00e9pondant aux enjeux actuels et aux probl\u00e9matiques des pianencs en concertation avec les habitants et ceux qui vivent le territoire ;<\/li>\n\n\n\n<li>Ma\u00eetriser l&rsquo;\u00e9volution de l\u2019urbanisation afin d\u2019assurer d\u2019une part la r\u00e9alisation de quartiers de qualit\u00e9, et d\u2019autre part de r\u00e9guler en fonction de la capacit\u00e9 des services publics ;<\/li>\n\n\n\n<li>Encadrer l\u2019offre de logements et promouvoir des op\u00e9rations d\u2019am\u00e9nagement durable, ainsi que l&rsquo;accroissement de r\u00e9sidences principales adapt\u00e9es favorisant le maintien \u00e0 domicile des personnes \u00e2g\u00e9es ;<\/li>\n\n\n\n<li>Proposer un d\u00e9veloppement urbain raisonn\u00e9 et programm\u00e9 combinant qualit\u00e9, densit\u00e9 acceptable et mixit\u00e9 ;<\/li>\n\n\n\n<li>Conforter l\u2019offre en \u00e9quipements en ad\u00e9quation avec les besoins actuels et futurs et en garantissant leur fonctionnalit\u00e9 ;<\/li>\n\n\n\n<li>Am\u00e9liorer le cadre de vie des pianencs notamment par des \u00e9quipements f\u00e9d\u00e9rateurs ;<\/li>\n\n\n\n<li>D\u00e9finir le d\u00e9veloppement \u00e0 court et moyen termes des secteurs Estanyols et Patau dont l\u2019urbanisation n\u2019a pas abouti lors de l\u2019application du premier PLU ;<\/li>\n\n\n\n<li>Porter la r\u00e9flexion sur la v\u00e9g\u00e9talisation de l\u2019espace public et plus g\u00e9n\u00e9ralement sur la nature en ville ;<\/li>\n\n\n\n<li>Permettre l\u2019identification et la mise en valeur du patrimoine local ;<\/li>\n\n\n\n<li>Maintenir le r\u00f4le de bourg centre de Pia et conserver son rayonnement supra-communal ;<\/li>\n\n\n\n<li>Poursuivre la s\u00e9curisation des d\u00e9placements sur le territoire ;<\/li>\n\n\n\n<li>Favoriser le d\u00e9veloppement des modes doux et alternatifs \u00e0 la voiture individuelle ;<\/li>\n\n\n\n<li>Augmenter l\u2019offre en stationnement notamment aux abords des centralit\u00e9s pianencques ;<\/li>\n\n\n\n<li>Valoriser l\u2019identit\u00e9 pianencque particuli\u00e8rement sur les secteurs d\u2019entr\u00e9e de Ville ;<\/li>\n\n\n\n<li>Impulser une conscience environnementale et lutter contre les pollutions et l\u2019insalubrit\u00e9 ;<\/li>\n\n\n\n<li>Prendre en compte la probl\u00e9matique de gestion des r\u00e9seaux et des eaux pluviales dans un souci de r\u00e9silience et d\u2019\u00e9conomie de la ressource eau ;<\/li>\n\n\n\n<li>Se d\u00e9terminer sur le devenir du secteur \u00e9conomique des Hourtoulanes en int\u00e9grant l\u2019al\u00e9a inondation dans une d\u00e9marche globale ;<\/li>\n\n\n\n<li>Favoriser l\u2019implantation et l&rsquo;expansion des activit\u00e9s \u00e9conomiques et artisanales, afin de pr\u00e9server le dynamisme communal ;<\/li>\n\n\n\n<li>Identifier les zones en mutation ou mutables et accompagner leur \u00e9volution urbaine ;<\/li>\n\n\n\n<li>Assurer l\u2019\u00e9quilibre entre le d\u00e9veloppement urbain et les terres agricoles et naturelles dans un souci de gestion \u00e9conome de l\u2019espace ;<\/li>\n\n\n\n<li>Maintenir une dimension agricole forte et poursuivre la lutte contre la cabanisation ;<\/li>\n\n\n\n<li>Clarifier le r\u00e8glement d\u2019urbanisme, permettre des constructions plus contemporaines et prendre en compte les r\u00e9alit\u00e9s du territoire ;<\/li>\n\n\n\n<li>Garantir la mise en coh\u00e9rence et la compatibilit\u00e9 du PLU avec les \u00e9volutions l\u00e9gislatives et r\u00e9glementaires.<\/li>\n<\/ul>\n\n\n<\/p>\n\n\n<p>Des modalit\u00e9s de la concertation ont \u00e9galement \u00e9t\u00e9 d\u00e9finies pour la proc\u00e9dure de r\u00e9vision du PLU.<\/p>\n\n\n\n<figure class=\"wp-block-image aligncenter size-large is-resized\"><img decoding=\"async\" width=\"730\" height=\"1024\" src=\"https:\/\/urbanisme.pia.fr\/wp-content\/uploads\/2023\/03\/Revision-PLU-730x1024.jpg\" alt=\"\" class=\"wp-image-804\" style=\"width:570px;height:800px\" srcset=\"https:\/\/urbanisme.pia.fr\/wp-content\/uploads\/2023\/03\/Revision-PLU-730x1024.jpg 730w, https:\/\/urbanisme.pia.fr\/wp-content\/uploads\/2023\/03\/Revision-PLU-214x300.jpg 214w, https:\/\/urbanisme.pia.fr\/wp-content\/uploads\/2023\/03\/Revision-PLU-768x1078.jpg 768w, https:\/\/urbanisme.pia.fr\/wp-content\/uploads\/2023\/03\/Revision-PLU-1095x1536.jpg 1095w, https:\/\/urbanisme.pia.fr\/wp-content\/uploads\/2023\/03\/Revision-PLU-1459x2048.jpg 1459w, https:\/\/urbanisme.pia.fr\/wp-content\/uploads\/2023\/03\/Revision-PLU-scaled.jpg 1824w\" sizes=\"(max-width: 730px) 100vw, 730px\" \/><\/figure>\n\n\n\n<hr class=\"wp-block-separator has-alpha-channel-opacity\"\/>\n\n\n\n<h3 class=\"wp-block-heading\">Dossier de concertation de la r\u00e9vision du PLU<\/h3>\n\n\n\n<div class=\"wp-block-columns alignwide is-layout-flex wp-container-core-columns-is-layout-28f84493 wp-block-columns-is-layout-flex\">\n<div class=\"wp-block-column is-vertically-aligned-center is-layout-flow wp-block-column-is-layout-flow\">\n<div class=\"wp-block-columns is-layout-flex wp-container-core-columns-is-layout-28f84493 wp-block-columns-is-layout-flex\">\n<div class=\"wp-block-column is-layout-flow wp-block-column-is-layout-flow\" style=\"flex-basis:25%\"><\/div>\n\n\n\n<div class=\"wp-block-column is-layout-flow wp-block-column-is-layout-flow\" style=\"flex-basis:50%\"><a href=\"https:\/\/urbanisme.pia.fr\/wp-content\/uploads\/2023\/03\/20221004-DE_2022_102-deliberation-prescription-de-la-revision-du-plu-1.pdf\" class=\"pdfemb-viewer\" style=\"\" data-width=\"max\" data-height=\"max\" data-toolbar=\"bottom\" data-toolbar-fixed=\"off\">20221004-DE_2022_102-deliberation-prescription-de-la-revision-du-plu-1<\/a><\/div>\n\n\n\n<div class=\"wp-block-column is-layout-flow wp-block-column-is-layout-flow\" style=\"flex-basis:25%\"><\/div>\n<\/div>\n<\/div>\n<\/div>\n\n\n\n<div class=\"wp-block-buttons is-layout-flex wp-block-buttons-is-layout-flex\">\n<div class=\"wp-block-button has-custom-font-size aligncenter has-small-font-size\"><a class=\"wp-block-button__link has-midnight-gradient-background has-background wp-element-button\" href=\"https:\/\/www.pyrenees-orientales.gouv.fr\/Actions-de-l-Etat\/Amenagement-du-territoire-construction-logement\/Urbanisme-et-Amenagement\/Planification-territoriale\/Porter-a-Connaissance-PAC\/Porter-a-Connaissance-PAC-de-l-Etat-des-PLU-et-des-PLUi-dans-les-Pyrenees-Orientales\" target=\"_blank\" rel=\"noreferrer noopener\">Porter \u00e0 Connaissance unique de l&rsquo;Etat des Plans Locaux d&rsquo;Urbanisme dans les Pyr\u00e9n\u00e9es-Orientales<\/a><\/div>\n<\/div>\n\n\n\n<hr class=\"wp-block-separator has-alpha-channel-opacity\"\/>\n\n\n\n<h2 class=\"wp-block-heading has-text-align-center\">Contacter le P\u00f4le \u00ab\u00a0URBANISME &amp; ENVIRONNEMENT\u00a0\u00bb<\/h2>\n\n\n\n<div class=\"wp-block-columns are-vertically-aligned-center is-layout-flex wp-container-core-columns-is-layout-28f84493 wp-block-columns-is-layout-flex\">\n<div class=\"wp-block-column is-vertically-aligned-center is-layout-flow wp-block-column-is-layout-flow\">\n<p><img loading=\"lazy\" decoding=\"async\" class=\"wp-image-242 aligncenter\" src=\"https:\/\/urbanisme.pia.fr\/wp-content\/uploads\/2023\/02\/Logo-sans-texte-1-300x200.jpg\" alt=\"\" width=\"150\" height=\"100\" srcset=\"https:\/\/urbanisme.pia.fr\/wp-content\/uploads\/2023\/02\/Logo-sans-texte-1-300x200.jpg 300w, https:\/\/urbanisme.pia.fr\/wp-content\/uploads\/2023\/02\/Logo-sans-texte-1-1024x683.jpg 1024w, https:\/\/urbanisme.pia.fr\/wp-content\/uploads\/2023\/02\/Logo-sans-texte-1-768x512.jpg 768w, https:\/\/urbanisme.pia.fr\/wp-content\/uploads\/2023\/02\/Logo-sans-texte-1.jpg 1200w\" sizes=\"(max-width: 150px) 100vw, 150px\" \/><\/p>\n<p style=\"text-align: center;\">18, Avenue du Mar\u00e9chal Joffre<br \/>66380 Pia<\/p>\n<p style=\"text-align: center;\">T\u00e9l. : 04 68 63 75 43<br \/>Mail : <a href=\"mailto:urbanisme@pia.fr\" target=\"_blank\" rel=\"noopener\">urbanisme@pia.fr<\/a><\/p>\n<\/div>\n\n\n\n<div class=\"wp-block-column is-vertically-aligned-center is-layout-flow wp-block-column-is-layout-flow\">\n<h5 style=\"text-align: center;\"><strong>Horaires d&rsquo;ouverture<br \/>\u00e0 l&rsquo;accueil du public :<\/strong><\/h5>\n<p style=\"text-align: center;\">Lundi : 8H30 &#8211; 12H30<br \/>Mardi : 8H30 &#8211; 12H30<br \/>Mercredi : 14H00 &#8211; 17H30<br \/>Jeudi : 8H30 &#8211; 12H30<br \/>Vendredi : 14H00 &#8211; 17H30<\/p>\n<\/div>\n\n\n\n<div class=\"wp-block-column is-vertically-aligned-center is-layout-flow wp-block-column-is-layout-flow\">\n<h5 style=\"text-align: center;\"><strong>Sur rendez-vous,<br \/><\/strong><strong>en fonction du projet :<\/strong><\/h5>\n<p style=\"text-align: center;\">Lundi : 16H00 &#8211; 17H30<br \/>Mardi : 09H00 &#8211; 12H00<br \/>Mercredi : 09H00 &#8211; 12H30<br \/>Vendredi : 09H00 &#8211; 12H00 et 14H00 &#8211; 17H30<\/p>\n\n\n\n<p style=\"text-align: center;\"><em>Les demandes de RDV sont \u00e0 formuler par mail.<\/em><\/p>\n<\/div>\n<\/div>\n","protected":false},"excerpt":{"rendered":"<p>La commune de Pia est dot\u00e9e d&rsquo;un Plan Local d\u2019Urbanisme (PLU) depuis le 18 mai 2013. Ce document, qui est le document d\u2019urbanisme, qui d\u00e9finit les possibilit\u00e9s d\u2019occupation des sols \u00e0 l\u2019\u00e9chelle du territoire communal, a depuis fait l\u2019objet de plusieurs proc\u00e9dures. Depuis 2013, le contexte l\u00e9gislatif a connu une \u00e9volution d\u2019importance concernant les documents [&hellip;]<\/p>\n","protected":false},"author":2,"featured_media":804,"parent":0,"menu_order":0,"comment_status":"closed","ping_status":"closed","template":"","meta":{"footnotes":""},"class_list":["post-812","page","type-page","status-publish","has-post-thumbnail","hentry"],"_links":{"self":[{"href":"https:\/\/urbanisme.pia.fr\/index.php\/wp-json\/wp\/v2\/pages\/812","targetHints":{"allow":["GET"]}}],"collection":[{"href":"https:\/\/urbanisme.pia.fr\/index.php\/wp-json\/wp\/v2\/pages"}],"about":[{"href":"https:\/\/urbanisme.pia.fr\/index.php\/wp-json\/wp\/v2\/types\/page"}],"author":[{"embeddable":true,"href":"https:\/\/urbanisme.pia.fr\/index.php\/wp-json\/wp\/v2\/users\/2"}],"replies":[{"embeddable":true,"href":"https:\/\/urbanisme.pia.fr\/index.php\/wp-json\/wp\/v2\/comments?post=812"}],"version-history":[{"count":34,"href":"https:\/\/urbanisme.pia.fr\/index.php\/wp-json\/wp\/v2\/pages\/812\/revisions"}],"predecessor-version":[{"id":1771,"href":"https:\/\/urbanisme.pia.fr\/index.php\/wp-json\/wp\/v2\/pages\/812\/revisions\/1771"}],"wp:featuredmedia":[{"embeddable":true,"href":"https:\/\/urbanisme.pia.fr\/index.php\/wp-json\/wp\/v2\/media\/804"}],"wp:attachment":[{"href":"https:\/\/urbanisme.pia.fr\/index.php\/wp-json\/wp\/v2\/media?parent=812"}],"curies":[{"name":"wp","href":"https:\/\/api.w.org\/{rel}","templated":true}]}}