{"id":453,"date":"2023-02-23T16:50:50","date_gmt":"2023-02-23T15:50:50","guid":{"rendered":"https:\/\/urbanisme.pia.fr\/?page_id=453"},"modified":"2025-04-02T15:43:53","modified_gmt":"2025-04-02T13:43:53","slug":"safer","status":"publish","type":"page","link":"https:\/\/urbanisme.pia.fr\/index.php\/safer\/","title":{"rendered":"Affichage SAFER"},"content":{"rendered":"\n<div class=\"wp-block-columns is-layout-flex wp-container-core-columns-is-layout-28f84493 wp-block-columns-is-layout-flex\">\n<div class=\"wp-block-column is-layout-flow wp-block-column-is-layout-flow\" style=\"flex-basis:33.33%\">\n<p><a href=\"https:\/\/www.safer.fr\/\" target=\"_blank\" rel=\"noopener\"><img decoding=\"async\" class=\"alignnone wp-image-457 size-medium\" src=\"https:\/\/urbanisme.pia.fr\/wp-content\/uploads\/2023\/02\/safer-300x149.jpg\" alt=\"\" width=\"300\" height=\"149\" srcset=\"https:\/\/urbanisme.pia.fr\/wp-content\/uploads\/2023\/02\/safer-300x149.jpg 300w, https:\/\/urbanisme.pia.fr\/wp-content\/uploads\/2023\/02\/safer-1024x510.jpg 1024w, https:\/\/urbanisme.pia.fr\/wp-content\/uploads\/2023\/02\/safer-768x382.jpg 768w, https:\/\/urbanisme.pia.fr\/wp-content\/uploads\/2023\/02\/safer-1536x765.jpg 1536w, https:\/\/urbanisme.pia.fr\/wp-content\/uploads\/2023\/02\/safer.jpg 1888w\" sizes=\"(max-width: 300px) 100vw, 300px\" \/><\/a><\/p>\n<\/div>\n\n\n\n<div class=\"wp-block-column is-layout-flow wp-block-column-is-layout-flow\" style=\"flex-basis:66.66%\">\n<ul class=\"wp-block-list\">\n<li>Avis de Pr\u00e9emption Simple :\n<ul class=\"wp-block-list\">\n<li>NEANT<\/li>\n<\/ul>\n<\/li>\n\n\n\n<li>Avis de Pr\u00e9emption avec R\u00e9vision de Prix :\n<ul class=\"wp-block-list\">\n<li>NEANT<\/li>\n<\/ul>\n<\/li>\n\n\n\n<li>Appel de candidatures :\n<ul class=\"wp-block-list\">\n<li>NEANT<\/li>\n<\/ul>\n<\/li>\n\n\n\n<li>Avis de r\u00e9trocession :\n<ul class=\"wp-block-list\">\n<li>NEANT<\/li>\n<\/ul>\n<\/li>\n<\/ul>\n<\/div>\n<\/div>\n\n\n\n<div class=\"wp-block-group is-layout-constrained wp-block-group-is-layout-constrained\">\n<div class=\"wp-block-columns is-layout-flex wp-container-core-columns-is-layout-28f84493 wp-block-columns-is-layout-flex\">\n<div class=\"wp-block-column is-layout-flow wp-block-column-is-layout-flow\">\n<div class=\"wp-block-columns is-layout-flex wp-container-core-columns-is-layout-28f84493 wp-block-columns-is-layout-flex\">\n<div class=\"wp-block-column is-vertically-aligned-center is-layout-flow wp-block-column-is-layout-flow\" style=\"flex-basis:20%\">\n<p><a href=\"https:\/\/urbanisme.pia.fr\/index.php\/preservation-de-la-ressource-en-eau\/\"><img decoding=\"async\" class=\"wp-image-638 size-thumbnail aligncenter\" src=\"https:\/\/urbanisme.pia.fr\/wp-content\/uploads\/2023\/02\/ATTENTION-150x150.png\" alt=\"\" width=\"150\" height=\"150\" srcset=\"https:\/\/urbanisme.pia.fr\/wp-content\/uploads\/2023\/02\/ATTENTION-150x150.png 150w, https:\/\/urbanisme.pia.fr\/wp-content\/uploads\/2023\/02\/ATTENTION.png 225w\" sizes=\"(max-width: 150px) 100vw, 150px\" \/><\/a><\/p>\n<\/div>\n\n\n\n<div class=\"wp-block-column is-vertically-aligned-center has-black-color has-pale-cyan-blue-background-color has-text-color has-background is-layout-flow wp-block-column-is-layout-flow\" style=\"flex-basis:40%\">\n<h2 style=\"text-align: center;\"><a href=\"https:\/\/urbanisme.pia.fr\/index.php\/preservation-de-la-ressource-en-eau\/\">Restrictions d&rsquo;eau en cours<\/a><\/h2>\n<\/div>\n\n\n\n<div class=\"wp-block-column is-vertically-aligned-center is-layout-flow wp-block-column-is-layout-flow\" style=\"flex-basis:40%\">\n<p><a href=\"https:\/\/urbanisme.pia.fr\/index.php\/preservation-de-la-ressource-en-eau\/\"><img decoding=\"async\" class=\"wp-image-633 aligncenter\" src=\"https:\/\/urbanisme.pia.fr\/wp-content\/uploads\/2023\/02\/Preservons-leau.png\" alt=\"\" width=\"226\" height=\"150\" srcset=\"https:\/\/urbanisme.pia.fr\/wp-content\/uploads\/2023\/02\/Preservons-leau.png 1200w, https:\/\/urbanisme.pia.fr\/wp-content\/uploads\/2023\/02\/Preservons-leau-300x200.png 300w, https:\/\/urbanisme.pia.fr\/wp-content\/uploads\/2023\/02\/Preservons-leau-1024x681.png 1024w, https:\/\/urbanisme.pia.fr\/wp-content\/uploads\/2023\/02\/Preservons-leau-768x511.png 768w\" sizes=\"(max-width: 226px) 100vw, 226px\" \/><\/a><\/p>\n<\/div>\n<\/div>\n<\/div>\n<\/div>\n<\/div>\n\n\n\n<div class=\"wp-block-columns is-layout-flex wp-container-core-columns-is-layout-28f84493 wp-block-columns-is-layout-flex\">\n<div class=\"wp-block-column is-layout-flow wp-block-column-is-layout-flow\">\n<h3 class=\"wp-block-heading has-text-align-center\"><strong>Avis de Pr\u00e9emption Simple<\/strong><\/h3>\n\n\n\n<h6 style=\"text-align: center;\">Articles L.143-3 et R.143-6 du Code Rural et de la P\u00eache Maritime<\/h6>\n\n\n\n<p>NEANT<\/p>\n<\/div>\n\n\n\n<div class=\"wp-block-column is-layout-flow wp-block-column-is-layout-flow\">\n<h3 class=\"wp-block-heading has-text-align-center\"><strong>Avis de Pr\u00e9emption avec R\u00e9vision de Prix<\/strong><\/h3>\n\n\n\n<h6 style=\"text-align: center;\">Articles L.143-3 et R.143-6 du Code Rural et de la P\u00eache Maritime<\/h6>\n\n\n\n<p>NEANT<\/p>\n<\/div>\n<\/div>\n\n\n\n<div class=\"wp-block-columns is-layout-flex wp-container-core-columns-is-layout-28f84493 wp-block-columns-is-layout-flex\">\n<div class=\"wp-block-column is-layout-flow wp-block-column-is-layout-flow\">\n<h3 class=\"wp-block-heading has-text-align-center\"><strong>Appel de candidatures<\/strong><\/h3>\n\n\n\n<h6 style=\"text-align: center;\">Articles L.143-3, L.142-3 et R.142-3 du Code Rural et de la P\u00eache Maritime<\/h6>\n\n\n\n<p>NEANT<\/p>\n<\/div>\n\n\n\n<div class=\"wp-block-column is-layout-flow wp-block-column-is-layout-flow\">\n<h3 class=\"wp-block-heading has-text-align-center\"><strong>Avis de r\u00e9trocession<\/strong><\/h3>\n\n\n\n<h6 style=\"text-align: center;\">Article R.143-11 du Code Rural et de la P\u00eache Maritime<\/h6>\n\n\n\n<p>NEANT<\/p>\n<\/div>\n<\/div>\n\n\n<hr>\n\n\n<h2 class=\"wp-block-heading has-text-align-center\">Contacter la SAFER<\/h2>\n\n\n\n<div class=\"wp-block-columns is-layout-flex wp-container-core-columns-is-layout-28f84493 wp-block-columns-is-layout-flex\">\n<div class=\"wp-block-column is-vertically-aligned-top is-layout-flow wp-block-column-is-layout-flow\">\n<figure class=\"wp-block-image aligncenter size-large is-resized\"><a href=\"https:\/\/www.safer.fr\/\" target=\"_blank\" rel=\" noreferrer noopener\"><img loading=\"lazy\" decoding=\"async\" width=\"1024\" height=\"510\" src=\"https:\/\/urbanisme.pia.fr\/wp-content\/uploads\/2023\/02\/safer-1024x510.jpg\" alt=\"\" class=\"wp-image-457\" style=\"width:239px;height:auto\" srcset=\"https:\/\/urbanisme.pia.fr\/wp-content\/uploads\/2023\/02\/safer-1024x510.jpg 1024w, https:\/\/urbanisme.pia.fr\/wp-content\/uploads\/2023\/02\/safer-300x149.jpg 300w, https:\/\/urbanisme.pia.fr\/wp-content\/uploads\/2023\/02\/safer-768x382.jpg 768w, https:\/\/urbanisme.pia.fr\/wp-content\/uploads\/2023\/02\/safer-1536x765.jpg 1536w, https:\/\/urbanisme.pia.fr\/wp-content\/uploads\/2023\/02\/safer.jpg 1888w\" sizes=\"(max-width: 1024px) 100vw, 1024px\" \/><\/a><\/figure>\n\n\n\n<p style=\"text-align: center;\"><a href=\"https:\/\/www.safer.fr\/\" target=\"_blank\" rel=\"noopener\">Site Internet<\/a><\/p>\n<\/div>\n\n\n\n<div class=\"wp-block-column is-layout-flow wp-block-column-is-layout-flow\">\n<p><strong>SAFER OCCITANIE :<\/strong><br>10 Chemin de Lacade Auzeville-Tolozane &#8211; BP 22125<br>31321 Castanet-Tolosan<br>T\u00e9l : 09 70 10 20 30<br>Mail : <a rel=\"noreferrer noopener\" href=\"mailto:service-accueil@safer-occitanie.fr\" target=\"_blank\">service-accueil@safer-occitanie.fr<\/a><br>Site : <a rel=\"noreferrer noopener\" href=\"http:\/\/www.safer-occitanie.fr\" data-type=\"URL\" data-id=\"www.safer-occitanie.fr\" target=\"_blank\">www.safer-occitanie.fr<\/a><\/p>\n\n\n\n<p><strong>Pyr\u00e9n\u00e9es-Orientales :<\/strong><br>Maison de l&rsquo;Agriculture &#8211; 19 Avenue de Grande Bretagne<br>66000 Perpigan<br>T\u00e9l : 04 68 51 91 91<br>Mail : <a rel=\"noreferrer noopener\" href=\"mailto:service-66@safer-occitanie.fr\" target=\"_blank\">service-66@safer-occitanie.fr<\/a><\/p>\n<\/div>\n<\/div>\n\n\n\n<hr class=\"wp-block-separator has-alpha-channel-opacity\"\/>\n\n\n\n<h2 class=\"wp-block-heading has-text-align-center\">Contacter le P\u00f4le \u00ab\u00a0URBANISME &amp; ENVIRONNEMENT\u00a0\u00bb<\/h2>\n\n\n\n<div class=\"wp-block-columns are-vertically-aligned-center is-layout-flex wp-container-core-columns-is-layout-28f84493 wp-block-columns-is-layout-flex\">\n<div class=\"wp-block-column is-vertically-aligned-center is-layout-flow wp-block-column-is-layout-flow\">\n<p><img loading=\"lazy\" decoding=\"async\" class=\"wp-image-242 aligncenter\" src=\"https:\/\/urbanisme.pia.fr\/wp-content\/uploads\/2023\/02\/Logo-sans-texte-1-300x200.jpg\" alt=\"\" width=\"150\" height=\"100\" srcset=\"https:\/\/urbanisme.pia.fr\/wp-content\/uploads\/2023\/02\/Logo-sans-texte-1-300x200.jpg 300w, https:\/\/urbanisme.pia.fr\/wp-content\/uploads\/2023\/02\/Logo-sans-texte-1-1024x683.jpg 1024w, https:\/\/urbanisme.pia.fr\/wp-content\/uploads\/2023\/02\/Logo-sans-texte-1-768x512.jpg 768w, https:\/\/urbanisme.pia.fr\/wp-content\/uploads\/2023\/02\/Logo-sans-texte-1.jpg 1200w\" sizes=\"(max-width: 150px) 100vw, 150px\" \/><\/p>\n<p style=\"text-align: center;\">18, Avenue du Mar\u00e9chal Joffre<br \/>66380 Pia<\/p>\n<p style=\"text-align: center;\">T\u00e9l. : 04 68 63 75 43<br \/>Mail : <a href=\"mailto:urbanisme@pia.fr\" target=\"_blank\" rel=\"noopener\">urbanisme@pia.fr<\/a><\/p>\n<\/div>\n\n\n\n<div class=\"wp-block-column is-vertically-aligned-center is-layout-flow wp-block-column-is-layout-flow\">\n<h5 style=\"text-align: center;\"><strong>Horaires d&rsquo;ouverture<br \/>\u00e0 l&rsquo;accueil du public :<\/strong><\/h5>\n<p style=\"text-align: center;\">Lundi : 8H30 &#8211; 12H30<br \/>Mardi : 8H30 &#8211; 12H30<br \/>Mercredi : 14H00 &#8211; 17H30<br \/>Jeudi : 8H30 &#8211; 12H30<br \/>Vendredi : 14H00 &#8211; 17H30<\/p>\n<\/div>\n\n\n\n<div class=\"wp-block-column is-vertically-aligned-center is-layout-flow wp-block-column-is-layout-flow\">\n<h5 style=\"text-align: center;\"><strong>Sur rendez-vous,<br \/><\/strong><strong>en fonction du projet :<\/strong><\/h5>\n<p style=\"text-align: center;\">Lundi : 16H00 &#8211; 17H30<br \/>Mardi : 09H00 &#8211; 12H00<br \/>Mercredi : 09H00 &#8211; 12H30<br \/>Vendredi : 09H00 &#8211; 12H00 et 14H00 &#8211; 17H30<\/p>\n\n\n\n<p style=\"text-align: center;\"><em>Les demandes de RDV sont \u00e0 formuler par mail.<\/em><\/p>\n<\/div>\n<\/div>\n","protected":false},"excerpt":{"rendered":"<p>Restrictions d&rsquo;eau en cours Avis de Pr\u00e9emption Simple Articles L.143-3 et R.143-6 du Code Rural et de la P\u00eache Maritime NEANT Avis de Pr\u00e9emption avec R\u00e9vision de Prix Articles L.143-3 et R.143-6 du Code Rural et de la P\u00eache Maritime NEANT Appel de candidatures Articles L.143-3, L.142-3 et R.142-3 du Code Rural et de la [&hellip;]<\/p>\n","protected":false},"author":2,"featured_media":0,"parent":0,"menu_order":0,"comment_status":"closed","ping_status":"closed","template":"","meta":{"footnotes":""},"class_list":["post-453","page","type-page","status-publish","hentry"],"_links":{"self":[{"href":"https:\/\/urbanisme.pia.fr\/index.php\/wp-json\/wp\/v2\/pages\/453","targetHints":{"allow":["GET"]}}],"collection":[{"href":"https:\/\/urbanisme.pia.fr\/index.php\/wp-json\/wp\/v2\/pages"}],"about":[{"href":"https:\/\/urbanisme.pia.fr\/index.php\/wp-json\/wp\/v2\/types\/page"}],"author":[{"embeddable":true,"href":"https:\/\/urbanisme.pia.fr\/index.php\/wp-json\/wp\/v2\/users\/2"}],"replies":[{"embeddable":true,"href":"https:\/\/urbanisme.pia.fr\/index.php\/wp-json\/wp\/v2\/comments?post=453"}],"version-history":[{"count":49,"href":"https:\/\/urbanisme.pia.fr\/index.php\/wp-json\/wp\/v2\/pages\/453\/revisions"}],"predecessor-version":[{"id":1831,"href":"https:\/\/urbanisme.pia.fr\/index.php\/wp-json\/wp\/v2\/pages\/453\/revisions\/1831"}],"wp:attachment":[{"href":"https:\/\/urbanisme.pia.fr\/index.php\/wp-json\/wp\/v2\/media?parent=453"}],"curies":[{"name":"wp","href":"https:\/\/api.w.org\/{rel}","templated":true}]}}