{"id":353,"date":"2023-02-22T11:31:00","date_gmt":"2023-02-22T10:31:00","guid":{"rendered":"https:\/\/urbanisme.pia.fr\/?page_id=353"},"modified":"2025-06-04T16:44:36","modified_gmt":"2025-06-04T14:44:36","slug":"risques","status":"publish","type":"page","link":"https:\/\/urbanisme.pia.fr\/index.php\/risques\/","title":{"rendered":"Risques"},"content":{"rendered":"\n<p>La commune de Pia est soumis \u00e0 plusieurs risques majeurs selon le <a href=\"https:\/\/www.pyrenees-orientales.gouv.fr\/contenu\/telechargement\/38361\/304935\/file\/DDRM66_edition_2023.pdf\" target=\"_blank\" rel=\"noreferrer noopener\">Document D\u00e9partemental des Risques Majeurs<\/a> (<a href=\"https:\/\/www.pyrenees-orientales.gouv.fr\/contenu\/telechargement\/38359\/304926\/file\/AP_DDRM_2023.pdf\" target=\"_blank\" rel=\"noreferrer noopener\">approuv\u00e9 le 30 juin 2023<\/a>), synth\u00e9tis\u00e9s dans le <a href=\"https:\/\/www.pyrenees-orientales.gouv.fr\/contenu\/telechargement\/40982\/322254\/file\/2024_MDI_66141_PIA%20HD.pdf\" target=\"_blank\" rel=\"noreferrer noopener\">Dossier communal de mise \u00e0 disposition des informations sur les risques majeurs<\/a> :<\/p>\n\n\n\n<div class=\"wp-block-columns is-layout-flex wp-container-core-columns-is-layout-28f84493 wp-block-columns-is-layout-flex\">\n<div class=\"wp-block-column is-layout-flow wp-block-column-is-layout-flow\">\n<ul class=\"wp-block-list\">\n<li>Inondation<\/li>\n\n\n\n<li>Rupture de digue<\/li>\n\n\n\n<li>Retrait-gonflement des argiles (RGA)<\/li>\n<\/ul>\n<\/div>\n\n\n\n<div class=\"wp-block-column is-layout-flow wp-block-column-is-layout-flow\">\n<ul class=\"wp-block-list\">\n<li>Risques climatiques :\n<ul class=\"wp-block-list\">\n<li>Orages et pluies diluviennes<\/li>\n\n\n\n<li>Temp\u00eate et vents violents<\/li>\n\n\n\n<li>Neige, Verglas et gr\u00eales<\/li>\n\n\n\n<li>Vague de chaleur et canicule<\/li>\n\n\n\n<li>Grand froid<\/li>\n<\/ul>\n<\/li>\n<\/ul>\n<\/div>\n\n\n\n<div class=\"wp-block-column is-layout-flow wp-block-column-is-layout-flow\">\n<ul class=\"wp-block-list\">\n<li>Sismique<\/li>\n\n\n\n<li>Transport de Mati\u00e8res Dangereuses (TMD)<\/li>\n\n\n\n<li>Rupture de barrage<\/li>\n\n\n\n<li>Radon<\/li>\n<\/ul>\n<\/div>\n\n\n\n<div class=\"wp-block-column is-layout-flow wp-block-column-is-layout-flow\">\n<ul class=\"wp-block-list\">\n<li>Sanitaire :\n<ul class=\"wp-block-list\">\n<li>Arboviroses<\/li>\n\n\n\n<li>Virus West Niles<\/li>\n\n\n\n<li>Pand\u00e9mie grippale<\/li>\n\n\n\n<li>Cyanobact\u00e9ries<\/li>\n\n\n\n<li>Brucellose et Tuberculose<\/li>\n\n\n\n<li>Pollution atmosph\u00e9rique<\/li>\n<\/ul>\n<\/li>\n\n\n\n<li>Terrorisme<\/li>\n<\/ul>\n<\/div>\n<\/div>\n\n\n\n<hr class=\"wp-block-separator has-text-color has-vivid-cyan-blue-color has-alpha-channel-opacity has-vivid-cyan-blue-background-color has-background is-style-dots\"\/>\n\n\n\n<div class=\"wp-block-columns is-layout-flex wp-container-core-columns-is-layout-28f84493 wp-block-columns-is-layout-flex\">\n<div class=\"wp-block-column is-layout-flow wp-block-column-is-layout-flow\">\n<p style=\"text-align: center;\"><a href=\"https:\/\/www.pyrenees-orientales.gouv.fr\/Actions-de-l-Etat\/Environnement-eau-risques-naturels-et-technologiques\/Risques-naturels-et-technologiques\/Tous-resilients-face-aux-risques\/S-informer-reagir-se-proteger-face-aux-catastrophes-naturelles-et-industrielles\/Comment-s-informer-sur-les-risques-majeurs\" target=\"_blank\" rel=\"noopener\">Comment s\u2019informer sur les risques majeurs ?<\/a><\/p>\n<\/div>\n\n\n\n<div class=\"wp-block-column is-layout-flow wp-block-column-is-layout-flow\">\n<p style=\"text-align: center;\"><a href=\"https:\/\/www.pyrenees-orientales.gouv.fr\/Actions-de-l-Etat\/Environnement-eau-risques-naturels-et-technologiques\/Risques-naturels-et-technologiques\" target=\"_blank\" rel=\"noopener\">Risques naturels et technologiques<\/a><\/p>\n<\/div>\n\n\n\n<div class=\"wp-block-column is-layout-flow wp-block-column-is-layout-flow\">\n<p style=\"text-align: center;\"><a href=\"https:\/\/www.pyrenees-orientales.gouv.fr\/Actions-de-l-Etat\/Environnement-eau-risques-naturels-et-technologiques\/Risques-naturels-et-technologiques\/Mise-a-disposition-des-informations-sur-les-risques-majeurs\/Pia\" target=\"_blank\" rel=\"noopener\">Dossier communal de mise \u00e0 disposition des informations sur les risques majeurs<\/a><\/p>\n<\/div>\n\n\n\n<div class=\"wp-block-column is-layout-flow wp-block-column-is-layout-flow\">\n<p style=\"text-align: center;\"><a href=\"https:\/\/www.pyrenees-orientales.gouv.fr\/Actions-de-l-Etat\/Environnement-eau-risques-naturels-et-technologiques\/Risques-naturels-et-technologiques\/Information-des-Acquereurs-et-des-Locataires-IAL\/Dossiers-communaux-d-information\" target=\"_blank\" rel=\"noopener\">Dossiers Communaux d\u2019Information<\/a><\/p>\n<\/div>\n\n\n\n<div class=\"wp-block-column is-layout-flow wp-block-column-is-layout-flow\">\n<p style=\"text-align: center;\"><a href=\"https:\/\/errial.georisques.gouv.fr\/#\/\" target=\"_blank\" rel=\"noopener\">Etat des RIsques Acqu\u00e9reurs-Locataires (ERRIAL)<\/a><\/p>\n<\/div>\n<\/div>\n\n\n\n<figure class=\"wp-block-image aligncenter size-large\"><a href=\"https:\/\/www.georisques.gouv.fr\/mes-risques\/connaitre-les-risques-pres-de-chez-moi\/rapport2\/66141\/Pia\/commune\/66380\" target=\"_blank\" rel=\"noreferrer noopener\"><img fetchpriority=\"high\" decoding=\"async\" width=\"1024\" height=\"538\" src=\"https:\/\/urbanisme.pia.fr\/wp-content\/uploads\/2024\/06\/GeoRisques-1024x538.png\" alt=\"\" class=\"wp-image-1513\" srcset=\"https:\/\/urbanisme.pia.fr\/wp-content\/uploads\/2024\/06\/GeoRisques-1024x538.png 1024w, https:\/\/urbanisme.pia.fr\/wp-content\/uploads\/2024\/06\/GeoRisques-300x158.png 300w, https:\/\/urbanisme.pia.fr\/wp-content\/uploads\/2024\/06\/GeoRisques-768x403.png 768w, https:\/\/urbanisme.pia.fr\/wp-content\/uploads\/2024\/06\/GeoRisques.png 1200w\" sizes=\"(max-width: 1024px) 100vw, 1024px\" \/><\/a><\/figure>\n\n\n<p>En application de la l\u00e9gislation, la commune a mis en place un <a href=\"https:\/\/urbanisme.pia.fr\/index.php\/pcs-dicrim\/\">Plan Communal de Sauvegarde et un Document d&rsquo;Information Communal sur les Risques Majeurs<\/a>. <em>(derni\u00e8re version approuv\u00e9e : 14 avril 2024)<\/em><\/p>\n\n\n<div class=\"wp-block-columns is-layout-flex wp-container-core-columns-is-layout-28f84493 wp-block-columns-is-layout-flex\">\n<div class=\"wp-block-column is-layout-flow wp-block-column-is-layout-flow\" style=\"flex-basis:25%\"><\/div>\n\n\n\n<div class=\"wp-block-column has-black-color has-vivid-red-background-color has-text-color has-background has-link-color wp-elements-6e582a9a5f3cfa02aa187edb9894fb2a is-layout-flow wp-block-column-is-layout-flow\" style=\"flex-basis:50%\">\n<p style=\"text-align: center;\"><strong>Suite \u00e0 la publication par la Pr\u00e9fecture de la nouvelle version du DDRM et du Dossier communal de mise \u00e0 disposition des informations sur les risques majeurs, une r\u00e9vision du PCS est en cours de r\u00e9daction.<\/strong><\/p>\n<\/div>\n\n\n\n<div class=\"wp-block-column is-layout-flow wp-block-column-is-layout-flow\" style=\"flex-basis:25%\"><\/div>\n<\/div>\n\n\n<p style=\"text-align: center;\"><strong>Depuis juin 2025, la Commune s&rsquo;est dot\u00e9 un <a href=\"https:\/\/www.cli.inscription-volontaire.com\/pia\/index.php\">syst\u00e8me d&rsquo;alerte \u00e0 la population<\/a> (syst\u00e8me d&rsquo;appels automatis\u00e9).<\/strong><\/p>\n\n\n<div class=\"wp-block-group is-layout-constrained wp-block-group-is-layout-constrained\">\n<hr class=\"wp-block-separator has-alpha-channel-opacity\"\/>\n\n\n\n<h2 class=\"wp-block-heading has-text-align-center\">Contacter le P\u00f4le \u00ab\u00a0URBANISME &amp; ENVIRONNEMENT\u00a0\u00bb<\/h2>\n\n\n\n<div class=\"wp-block-columns are-vertically-aligned-center is-layout-flex wp-container-core-columns-is-layout-28f84493 wp-block-columns-is-layout-flex\">\n<div class=\"wp-block-column is-vertically-aligned-center is-layout-flow wp-block-column-is-layout-flow\">\n<p><img decoding=\"async\" class=\"wp-image-242 aligncenter\" src=\"https:\/\/urbanisme.pia.fr\/wp-content\/uploads\/2023\/02\/Logo-sans-texte-1-300x200.jpg\" alt=\"\" width=\"150\" height=\"100\" srcset=\"https:\/\/urbanisme.pia.fr\/wp-content\/uploads\/2023\/02\/Logo-sans-texte-1-300x200.jpg 300w, https:\/\/urbanisme.pia.fr\/wp-content\/uploads\/2023\/02\/Logo-sans-texte-1-1024x683.jpg 1024w, https:\/\/urbanisme.pia.fr\/wp-content\/uploads\/2023\/02\/Logo-sans-texte-1-768x512.jpg 768w, https:\/\/urbanisme.pia.fr\/wp-content\/uploads\/2023\/02\/Logo-sans-texte-1.jpg 1200w\" sizes=\"(max-width: 150px) 100vw, 150px\" \/><\/p>\n<p style=\"text-align: center;\">18, Avenue du Mar\u00e9chal Joffre<br \/>66380 Pia<\/p>\n<p style=\"text-align: center;\">T\u00e9l. : 04 68 63 75 43<br \/>Mail : <a href=\"mailto:urbanisme@pia.fr\" target=\"_blank\" rel=\"noopener\">urbanisme@pia.fr<\/a><\/p>\n<\/div>\n\n\n\n<div class=\"wp-block-column is-vertically-aligned-center is-layout-flow wp-block-column-is-layout-flow\">\n<h5 style=\"text-align: center;\"><strong>Horaires d&rsquo;ouverture<br \/>\u00e0 l&rsquo;accueil du public :<\/strong><\/h5>\n<p style=\"text-align: center;\">Lundi : 8H30 &#8211; 12H30<br \/>Mardi : 8H30 &#8211; 12H30<br \/>Mercredi : 14H00 &#8211; 17H30<br \/>Jeudi : 8H30 &#8211; 12H30<br \/>Vendredi : 14H00 &#8211; 17H30<\/p>\n<\/div>\n\n\n\n<div class=\"wp-block-column is-vertically-aligned-center is-layout-flow wp-block-column-is-layout-flow\">\n<h5 style=\"text-align: center;\"><strong>Sur rendez-vous,<br \/><\/strong><strong>en fonction du projet :<\/strong><\/h5>\n<p style=\"text-align: center;\">Lundi : 16H00 &#8211; 17H30<br \/>Mardi : 09H00 &#8211; 12H00<br \/>Mercredi : 09H00 &#8211; 12H30<br \/>Vendredi : 09H00 &#8211; 12H00 et 14H00 &#8211; 17H30<\/p>\n\n\n\n<p style=\"text-align: center;\"><em>Les demandes de RDV sont \u00e0 formuler par mail.<\/em><\/p>\n<\/div>\n<\/div>\n<\/div>\n","protected":false},"excerpt":{"rendered":"<p>La commune de Pia est soumis \u00e0 plusieurs risques majeurs selon le Document D\u00e9partemental des Risques Majeurs (approuv\u00e9 le 30 juin 2023), synth\u00e9tis\u00e9s dans le Dossier communal de mise \u00e0 disposition des informations sur les risques majeurs : Comment s\u2019informer sur les risques majeurs ? Risques naturels et technologiques Dossier communal de mise \u00e0 disposition [&hellip;]<\/p>\n","protected":false},"author":2,"featured_media":0,"parent":0,"menu_order":0,"comment_status":"closed","ping_status":"closed","template":"","meta":{"footnotes":""},"class_list":["post-353","page","type-page","status-publish","hentry"],"_links":{"self":[{"href":"https:\/\/urbanisme.pia.fr\/index.php\/wp-json\/wp\/v2\/pages\/353","targetHints":{"allow":["GET"]}}],"collection":[{"href":"https:\/\/urbanisme.pia.fr\/index.php\/wp-json\/wp\/v2\/pages"}],"about":[{"href":"https:\/\/urbanisme.pia.fr\/index.php\/wp-json\/wp\/v2\/types\/page"}],"author":[{"embeddable":true,"href":"https:\/\/urbanisme.pia.fr\/index.php\/wp-json\/wp\/v2\/users\/2"}],"replies":[{"embeddable":true,"href":"https:\/\/urbanisme.pia.fr\/index.php\/wp-json\/wp\/v2\/comments?post=353"}],"version-history":[{"count":101,"href":"https:\/\/urbanisme.pia.fr\/index.php\/wp-json\/wp\/v2\/pages\/353\/revisions"}],"predecessor-version":[{"id":1896,"href":"https:\/\/urbanisme.pia.fr\/index.php\/wp-json\/wp\/v2\/pages\/353\/revisions\/1896"}],"wp:attachment":[{"href":"https:\/\/urbanisme.pia.fr\/index.php\/wp-json\/wp\/v2\/media?parent=353"}],"curies":[{"name":"wp","href":"https:\/\/api.w.org\/{rel}","templated":true}]}}