{"id":349,"date":"2023-02-22T11:29:30","date_gmt":"2023-02-22T10:29:30","guid":{"rendered":"https:\/\/urbanisme.pia.fr\/?page_id=349"},"modified":"2025-02-05T18:24:44","modified_gmt":"2025-02-05T17:24:44","slug":"plu","status":"publish","type":"page","link":"https:\/\/urbanisme.pia.fr\/index.php\/plu\/","title":{"rendered":"Plan Local d&rsquo;Urbanisme (PLU)"},"content":{"rendered":"\n<hr class=\"wp-block-separator has-alpha-channel-opacity is-style-dots\"\/>\n\n\n\n<h3 class=\"wp-block-heading\">Qu&rsquo;est ce qu&rsquo;un PLU ?<\/h3>\n\n\n\n<p>Le PLU est un document d\u2019urbanisme qui \u00e9tablit un projet global d\u2019urbanisme et d\u2019am\u00e9nagement \u00e0 l\u2019\u00e9chelle d\u2019une commune et fixe en cons\u00e9quence les r\u00e8gles g\u00e9n\u00e9rales d\u2019utilisation du sol sur le territoire consid\u00e9r\u00e9.<\/p>\n\n\n\n<p>Approuv\u00e9 le 18\/05\/2013 par d\u00e9lib\u00e9ration du Conseil Municipal, le PLU de Pia est constitu\u00e9 des documents suivants :<\/p>\n\n\n\n<p>1-&nbsp;<strong>un Rapport de Pr\u00e9sentation<\/strong>, qui explique les choix retenus, en s\u2019appuyant sur un diagnostic territorial, et qui justifie les r\u00e8gles en vigueur ;<br>2-&nbsp;<strong>un Projet d\u2019Am\u00e9nagement et de D\u00e9veloppement Durables<\/strong>&nbsp;(PADD) qui d\u00e9finit les orientations g\u00e9n\u00e9rales d\u2019am\u00e9nagement, d\u2019urbanisme, d\u2019habitat, de d\u00e9placements, d\u2019\u00e9quipement ; <br>3-&nbsp;<strong>des Orientations Particuli\u00e8res d\u2019Am\u00e9nagement<\/strong>&nbsp;(OPA) qui, dans le respect du PADD, comprennent des dispositions portant sur l\u2019am\u00e9nagement, l\u2019habitat, les transports et les d\u00e9placements ;<br>4-&nbsp;<strong>un R\u00e8glement (\u00e9crit et graphique)<\/strong> qui d\u00e9limite les zones urbaines (U), les zones \u00e0 urbaniser (AU), les zones agricoles (A) et les zones naturelles et foresti\u00e8res (N), et fixe les r\u00e8gles g\u00e9n\u00e9rales ;<br>5-&nbsp;<strong>des Annexes<\/strong>&nbsp;(servitudes d\u2019utilit\u00e9 publique, sites arch\u00e9ologiques, Plan de Pr\u00e9vention des Risques d&rsquo;Inondation, p\u00e9rim\u00e8tre du Droit de Pr\u00e9emption Urbain, p\u00e9rim\u00e8tre de Projet Urbain Partenarial, etc.).<\/p>\n\n\n\n<hr class=\"wp-block-separator has-text-color has-black-color has-alpha-channel-opacity has-black-background-color has-background is-style-dots\"\/>\n\n\n\n<h3 class=\"wp-block-heading\">Consultez le PLU sur le G\u00e9oportail de l\u2019Urbanisme<\/h3>\n\n\n\n<figure class=\"wp-block-image size-large\"><a href=\"https:\/\/www.geoportail-urbanisme.gouv.fr\/map\/#tile=1&amp;lon=2.91986632951771&amp;lat=42.74403720155914&amp;zoom=13&amp;mlon=2.919866&amp;mlat=42.744037\" target=\"_blank\" rel=\"noreferrer noopener\"><img fetchpriority=\"high\" decoding=\"async\" width=\"1024\" height=\"510\" src=\"https:\/\/urbanisme.pia.fr\/wp-content\/uploads\/2023\/03\/GeoportailUrbanisme-1024x510.jpg\" alt=\"\" class=\"wp-image-803\" srcset=\"https:\/\/urbanisme.pia.fr\/wp-content\/uploads\/2023\/03\/GeoportailUrbanisme-1024x510.jpg 1024w, https:\/\/urbanisme.pia.fr\/wp-content\/uploads\/2023\/03\/GeoportailUrbanisme-300x149.jpg 300w, https:\/\/urbanisme.pia.fr\/wp-content\/uploads\/2023\/03\/GeoportailUrbanisme-768x382.jpg 768w, https:\/\/urbanisme.pia.fr\/wp-content\/uploads\/2023\/03\/GeoportailUrbanisme-1536x765.jpg 1536w, https:\/\/urbanisme.pia.fr\/wp-content\/uploads\/2023\/03\/GeoportailUrbanisme.jpg 1876w\" sizes=\"(max-width: 1024px) 100vw, 1024px\" \/><\/a><\/figure>\n\n\n\n<p>Le PLU en vigueur a \u00e9t\u00e9 mis en ligne sur le site \u00ab\u00a0G\u00e9oportail de l\u2019Urbanisme\u00a0\u00bb.<br>Ce site est un portail national o\u00f9 l\u2019ensemble des documents d\u2019urbanisme des communes de France pourra, \u00e0 terme, \u00eatre consult\u00e9 :&nbsp;<a href=\"https:\/\/www.geoportail-urbanisme.gouv.fr\/map\/#tile=1&amp;lon=2.91986632951771&amp;lat=42.74403720155914&amp;zoom=13&amp;mlon=2.919866&amp;mlat=42.744037\">www.geoportail-urbanisme.gouv.fr\/pia<\/a><\/p>\n\n\n\n<p>Le G\u00e9oportail de l\u2019urbanisme permet \u00e0 chaque citoyen de :<\/p>\n\n\n\n<ul class=\"wp-block-list\">\n<li>localiser son terrain<\/li>\n\n\n\n<li>faire appara\u00eetre et interroger le zonage et les prescriptions qui s\u2019y appliquent<\/li>\n\n\n\n<li>consulter et imprimer tout ou partie des documents d\u2019urbanisme (donn\u00e9es g\u00e9ographiques et r\u00e8glements de la commune)<\/li>\n\n\n\n<li>t\u00e9l\u00e9charger les donn\u00e9es g\u00e9ographiques (zonages) et litt\u00e9rales (r\u00e8glement au format PDF) ;<\/li>\n\n\n\n<li>afficher en superposition des couches d\u2019information (s\u00e9lection des prescriptions, fond cadastral, photo a\u00e9rienne\u2026)<\/li>\n\n\n\n<li>cr\u00e9er et diffuser sa propre carte (prescriptions \u00e0 repr\u00e9senter, outils de dessin)<\/li>\n\n\n\n<li>conna\u00eetre les servitudes d\u2019utilit\u00e9 publique affectant l\u2019utilisation de son terrain.<\/li>\n<\/ul>\n\n\n\n<p>En zoomant sur un secteur, les d\u00e9tails du zonage s\u2019affichent. La l\u00e9gende est disponible sur le volet situ\u00e9 \u00e0 gauche de la carte. Pour conna\u00eetre les r\u00e8gles applicables \u00e0 une parcelle, il suffit de la s\u00e9lectionner en cliquant dessus, le volet sur la gauche de la carte indique alors le zonage applicable et renvoie vers les pi\u00e8ces \u00e9crites (r\u00e8glement entier, PADD, OAP\u2026). Ces pi\u00e8ces sont t\u00e9l\u00e9chargeables.<\/p>\n\n\n\n<hr class=\"wp-block-separator has-alpha-channel-opacity\"\/>\n\n\n\n<div class=\"wp-block-columns is-layout-flex wp-container-core-columns-is-layout-28f84493 wp-block-columns-is-layout-flex\">\n<div class=\"wp-block-column is-layout-flow wp-block-column-is-layout-flow\">\n<figure class=\"wp-block-image size-large\"><a href=\"https:\/\/urbanisme.pia.fr\/index.php\/revisionplu\/\"><img decoding=\"async\" width=\"730\" height=\"1024\" src=\"https:\/\/urbanisme.pia.fr\/wp-content\/uploads\/2023\/03\/Revision-PLU-730x1024.jpg\" alt=\"\" class=\"wp-image-804\" srcset=\"https:\/\/urbanisme.pia.fr\/wp-content\/uploads\/2023\/03\/Revision-PLU-730x1024.jpg 730w, https:\/\/urbanisme.pia.fr\/wp-content\/uploads\/2023\/03\/Revision-PLU-214x300.jpg 214w, https:\/\/urbanisme.pia.fr\/wp-content\/uploads\/2023\/03\/Revision-PLU-768x1078.jpg 768w, https:\/\/urbanisme.pia.fr\/wp-content\/uploads\/2023\/03\/Revision-PLU-1095x1536.jpg 1095w, https:\/\/urbanisme.pia.fr\/wp-content\/uploads\/2023\/03\/Revision-PLU-1459x2048.jpg 1459w, https:\/\/urbanisme.pia.fr\/wp-content\/uploads\/2023\/03\/Revision-PLU-scaled.jpg 1824w\" sizes=\"(max-width: 730px) 100vw, 730px\" \/><\/a><\/figure>\n<\/div>\n\n\n\n<div class=\"wp-block-column is-vertically-aligned-center is-layout-flow wp-block-column-is-layout-flow\">\n<h3 class=\"wp-block-heading\">Proc\u00e9dure de R\u00e9vision du PLU en cours<\/h3>\n\n\n\n<p>Par d\u00e9lib\u00e9ration du 04\/10\/2022, le Conseil Municipal de la commune de Pia a&nbsp;prescrit la r\u00e9vision du PLU et a d\u00e9fini les objectifs poursuivis et les modalit\u00e9s de la concertation.<\/p>\n\n\n\n<p>Les informations concernant cette proc\u00e9dure sont disponibles au lien suivant : <a href=\"https:\/\/urbanisme.pia.fr\/index.php\/revisionplu\/\">urbanisme.pia.fr\/revisionplu<\/a><\/p>\n<\/div>\n<\/div>\n\n\n\n<hr class=\"wp-block-separator has-alpha-channel-opacity\"\/>\n\n\n\n<h2 class=\"wp-block-heading has-text-align-center\">Contacter le P\u00f4le \u00ab\u00a0URBANISME &amp; ENVIRONNEMENT\u00a0\u00bb<\/h2>\n\n\n\n<div class=\"wp-block-columns are-vertically-aligned-center is-layout-flex wp-container-core-columns-is-layout-28f84493 wp-block-columns-is-layout-flex\">\n<div class=\"wp-block-column is-vertically-aligned-center is-layout-flow wp-block-column-is-layout-flow\">\n<p><img decoding=\"async\" class=\"wp-image-242 aligncenter\" src=\"https:\/\/urbanisme.pia.fr\/wp-content\/uploads\/2023\/02\/Logo-sans-texte-1-300x200.jpg\" alt=\"\" width=\"150\" height=\"100\" srcset=\"https:\/\/urbanisme.pia.fr\/wp-content\/uploads\/2023\/02\/Logo-sans-texte-1-300x200.jpg 300w, https:\/\/urbanisme.pia.fr\/wp-content\/uploads\/2023\/02\/Logo-sans-texte-1-1024x683.jpg 1024w, https:\/\/urbanisme.pia.fr\/wp-content\/uploads\/2023\/02\/Logo-sans-texte-1-768x512.jpg 768w, https:\/\/urbanisme.pia.fr\/wp-content\/uploads\/2023\/02\/Logo-sans-texte-1.jpg 1200w\" sizes=\"(max-width: 150px) 100vw, 150px\" \/><\/p>\n<p style=\"text-align: center;\">18, Avenue du Mar\u00e9chal Joffre<br \/>66380 Pia<\/p>\n<p style=\"text-align: center;\">T\u00e9l. : 04 68 63 75 43<br \/>Mail : <a href=\"mailto:urbanisme@pia.fr\" target=\"_blank\" rel=\"noopener\">urbanisme@pia.fr<\/a><\/p>\n<\/div>\n\n\n\n<div class=\"wp-block-column is-vertically-aligned-center is-layout-flow wp-block-column-is-layout-flow\">\n<h5 style=\"text-align: center;\"><strong>Horaires d&rsquo;ouverture<br \/>\u00e0 l&rsquo;accueil du public :<\/strong><\/h5>\n<p style=\"text-align: center;\">Lundi : 8H30 &#8211; 12H30<br \/>Mardi : 8H30 &#8211; 12H30<br \/>Mercredi : 14H00 &#8211; 17H30<br \/>Jeudi : 8H30 &#8211; 12H30<br \/>Vendredi : 14H00 &#8211; 17H30<\/p>\n<\/div>\n\n\n\n<div class=\"wp-block-column is-vertically-aligned-center is-layout-flow wp-block-column-is-layout-flow\">\n<h5 style=\"text-align: center;\"><strong>Sur rendez-vous,<br \/><\/strong><strong>en fonction du projet :<\/strong><\/h5>\n<p style=\"text-align: center;\">Lundi : 16H00 &#8211; 17H30<br \/>Mardi : 09H00 &#8211; 12H00<br \/>Mercredi : 09H00 &#8211; 12H30<br \/>Vendredi : 09H00 &#8211; 12H00 et 14H00 &#8211; 17H30<\/p>\n\n\n\n<p style=\"text-align: center;\"><em>Les demandes de RDV sont \u00e0 formuler par mail.<\/em><\/p>\n<\/div>\n<\/div>\n","protected":false},"excerpt":{"rendered":"<p>Qu&rsquo;est ce qu&rsquo;un PLU ? Le PLU est un document d\u2019urbanisme qui \u00e9tablit un projet global d\u2019urbanisme et d\u2019am\u00e9nagement \u00e0 l\u2019\u00e9chelle d\u2019une commune et fixe en cons\u00e9quence les r\u00e8gles g\u00e9n\u00e9rales d\u2019utilisation du sol sur le territoire consid\u00e9r\u00e9. Approuv\u00e9 le 18\/05\/2013 par d\u00e9lib\u00e9ration du Conseil Municipal, le PLU de Pia est constitu\u00e9 des documents suivants : [&hellip;]<\/p>\n","protected":false},"author":2,"featured_media":0,"parent":0,"menu_order":0,"comment_status":"closed","ping_status":"closed","template":"","meta":{"footnotes":""},"class_list":["post-349","page","type-page","status-publish","hentry"],"_links":{"self":[{"href":"https:\/\/urbanisme.pia.fr\/index.php\/wp-json\/wp\/v2\/pages\/349","targetHints":{"allow":["GET"]}}],"collection":[{"href":"https:\/\/urbanisme.pia.fr\/index.php\/wp-json\/wp\/v2\/pages"}],"about":[{"href":"https:\/\/urbanisme.pia.fr\/index.php\/wp-json\/wp\/v2\/types\/page"}],"author":[{"embeddable":true,"href":"https:\/\/urbanisme.pia.fr\/index.php\/wp-json\/wp\/v2\/users\/2"}],"replies":[{"embeddable":true,"href":"https:\/\/urbanisme.pia.fr\/index.php\/wp-json\/wp\/v2\/comments?post=349"}],"version-history":[{"count":23,"href":"https:\/\/urbanisme.pia.fr\/index.php\/wp-json\/wp\/v2\/pages\/349\/revisions"}],"predecessor-version":[{"id":1760,"href":"https:\/\/urbanisme.pia.fr\/index.php\/wp-json\/wp\/v2\/pages\/349\/revisions\/1760"}],"wp:attachment":[{"href":"https:\/\/urbanisme.pia.fr\/index.php\/wp-json\/wp\/v2\/media?parent=349"}],"curies":[{"name":"wp","href":"https:\/\/api.w.org\/{rel}","templated":true}]}}