{"id":1777,"date":"2025-02-10T10:36:17","date_gmt":"2025-02-10T09:36:17","guid":{"rendered":"https:\/\/urbanisme.pia.fr\/?page_id=1777"},"modified":"2025-02-10T10:36:17","modified_gmt":"2025-02-10T09:36:17","slug":"encheres-publiques","status":"publish","type":"page","link":"https:\/\/urbanisme.pia.fr\/index.php\/encheres-publiques\/","title":{"rendered":"Ench\u00e8res publiques"},"content":{"rendered":"\n<div class=\"wp-block-group is-layout-constrained wp-block-group-is-layout-constrained\">\n<div class=\"wp-block-columns is-layout-flex wp-container-core-columns-is-layout-28f84493 wp-block-columns-is-layout-flex\">\n<div class=\"wp-block-column is-layout-flow wp-block-column-is-layout-flow\">\n<div class=\"wp-block-columns is-layout-flex wp-container-core-columns-is-layout-28f84493 wp-block-columns-is-layout-flex\">\n<div class=\"wp-block-column is-vertically-aligned-center is-layout-flow wp-block-column-is-layout-flow\" style=\"flex-basis:20%\">\n<p><a href=\"https:\/\/urbanisme.pia.fr\/index.php\/preservation-de-la-ressource-en-eau\/\"><img decoding=\"async\" class=\"wp-image-638 size-thumbnail aligncenter\" src=\"https:\/\/urbanisme.pia.fr\/wp-content\/uploads\/2023\/02\/ATTENTION-150x150.png\" alt=\"\" width=\"150\" height=\"150\" srcset=\"https:\/\/urbanisme.pia.fr\/wp-content\/uploads\/2023\/02\/ATTENTION-150x150.png 150w, https:\/\/urbanisme.pia.fr\/wp-content\/uploads\/2023\/02\/ATTENTION.png 225w\" sizes=\"(max-width: 150px) 100vw, 150px\" \/><\/a><\/p>\n<\/div>\n\n\n\n<div class=\"wp-block-column is-vertically-aligned-center has-black-color has-pale-cyan-blue-background-color has-text-color has-background is-layout-flow wp-block-column-is-layout-flow\" style=\"flex-basis:40%\">\n<h2 style=\"text-align: center;\"><a href=\"https:\/\/urbanisme.pia.fr\/index.php\/preservation-de-la-ressource-en-eau\/\">Restrictions d&rsquo;eau en cours<\/a><\/h2>\n<\/div>\n\n\n\n<div class=\"wp-block-column is-vertically-aligned-center is-layout-flow wp-block-column-is-layout-flow\" style=\"flex-basis:40%\">\n<p><a href=\"https:\/\/urbanisme.pia.fr\/index.php\/preservation-de-la-ressource-en-eau\/\"><img decoding=\"async\" class=\"wp-image-633 alignleft\" src=\"https:\/\/urbanisme.pia.fr\/wp-content\/uploads\/2023\/02\/Preservons-leau.png\" alt=\"\" width=\"226\" height=\"150\" srcset=\"https:\/\/urbanisme.pia.fr\/wp-content\/uploads\/2023\/02\/Preservons-leau.png 1200w, https:\/\/urbanisme.pia.fr\/wp-content\/uploads\/2023\/02\/Preservons-leau-300x200.png 300w, https:\/\/urbanisme.pia.fr\/wp-content\/uploads\/2023\/02\/Preservons-leau-1024x681.png 1024w, https:\/\/urbanisme.pia.fr\/wp-content\/uploads\/2023\/02\/Preservons-leau-768x511.png 768w\" sizes=\"(max-width: 226px) 100vw, 226px\" \/><\/a><\/p>\n<\/div>\n<\/div>\n<\/div>\n<\/div>\n<\/div>\n\n\n<h4><strong>Par autorit\u00e9 administrative sur saisie :<\/strong><\/h4>\n\n\n<ul class=\"wp-block-list\">\n<li>19 f\u00e9vrier 2025 \u00e0 9H00 :\n<ul class=\"wp-block-list\">\n<li>Camion benne IVECO<\/li>\n\n\n\n<li>Fourgon PEUGEOT<\/li>\n\n\n\n<li>2 RENAULT KANGOO<\/li>\n\n\n\n<li>Camion benne RENAULT<\/li>\n\n\n\n<li>PEUGEOT PARTNER<\/li>\n\n\n\n<li>3 machines \u00e0 chape marque PUTZMEISTER<\/li>\n\n\n\n<li>2 machines \u00e0 chape marque BUNKER<\/li>\n<\/ul>\n<\/li>\n<\/ul>\n\n\n\n<div class=\"wp-block-columns is-layout-flex wp-container-core-columns-is-layout-28f84493 wp-block-columns-is-layout-flex\">\n<div class=\"wp-block-column is-layout-flow wp-block-column-is-layout-flow\">\n<div data-wp-interactive=\"core\/file\" class=\"wp-block-file\"><object data-wp-bind--hidden=\"!state.hasPdfPreview\" hidden class=\"wp-block-file__embed\" data=\"https:\/\/urbanisme.pia.fr\/wp-content\/uploads\/2025\/02\/Encheres-du-19-fevrier-2025.pdf\" type=\"application\/pdf\" style=\"width:100%;height:600px\" aria-label=\"Contenu embarqu\u00e9 Ench\u00e8res du 19 f\u00e9vrier 2025.\"><\/object><a id=\"wp-block-file--media-f726268c-47a0-410c-9526-d18d05ca2e2f\" href=\"https:\/\/urbanisme.pia.fr\/wp-content\/uploads\/2025\/02\/Encheres-du-19-fevrier-2025.pdf\">Ench\u00e8res du 19 f\u00e9vrier 2025<\/a><a href=\"https:\/\/urbanisme.pia.fr\/wp-content\/uploads\/2025\/02\/Encheres-du-19-fevrier-2025.pdf\" class=\"wp-block-file__button wp-element-button\" download aria-describedby=\"wp-block-file--media-f726268c-47a0-410c-9526-d18d05ca2e2f\">T\u00e9l\u00e9charger<\/a><\/div>\n<\/div>\n\n\n\n<div class=\"wp-block-column is-layout-flow wp-block-column-is-layout-flow\"><\/div>\n<\/div>\n\n\n\n<hr class=\"wp-block-separator has-alpha-channel-opacity\"\/>\n\n\n\n<h2 class=\"wp-block-heading has-text-align-center\">Contacter le P\u00f4le \u00ab\u00a0URBANISME &amp; ENVIRONNEMENT\u00a0\u00bb<\/h2>\n\n\n\n<div class=\"wp-block-columns are-vertically-aligned-center is-layout-flex wp-container-core-columns-is-layout-28f84493 wp-block-columns-is-layout-flex\">\n<div class=\"wp-block-column is-vertically-aligned-center is-layout-flow wp-block-column-is-layout-flow\">\n<p><img decoding=\"async\" class=\"wp-image-242 aligncenter\" src=\"https:\/\/urbanisme.pia.fr\/wp-content\/uploads\/2023\/02\/Logo-sans-texte-1-300x200.jpg\" alt=\"\" width=\"150\" height=\"100\" srcset=\"https:\/\/urbanisme.pia.fr\/wp-content\/uploads\/2023\/02\/Logo-sans-texte-1-300x200.jpg 300w, https:\/\/urbanisme.pia.fr\/wp-content\/uploads\/2023\/02\/Logo-sans-texte-1-1024x683.jpg 1024w, https:\/\/urbanisme.pia.fr\/wp-content\/uploads\/2023\/02\/Logo-sans-texte-1-768x512.jpg 768w, https:\/\/urbanisme.pia.fr\/wp-content\/uploads\/2023\/02\/Logo-sans-texte-1.jpg 1200w\" sizes=\"(max-width: 150px) 100vw, 150px\" \/><\/p>\n<p style=\"text-align: center;\">18, Avenue du Mar\u00e9chal Joffre<br \/>66380 Pia<\/p>\n<p style=\"text-align: center;\">T\u00e9l. : 04 68 63 75 43<br \/>Mail : <a href=\"mailto:urbanisme@pia.fr\" target=\"_blank\" rel=\"noopener\">urbanisme@pia.fr<\/a><\/p>\n<\/div>\n\n\n\n<div class=\"wp-block-column is-vertically-aligned-center is-layout-flow wp-block-column-is-layout-flow\">\n<h5 style=\"text-align: center;\"><strong>Horaires d&rsquo;ouverture<br \/>\u00e0 l&rsquo;accueil du public :<\/strong><\/h5>\n<p style=\"text-align: center;\">Lundi : 8H30 &#8211; 12H30<br \/>Mardi : 8H30 &#8211; 12H30<br \/>Mercredi : 14H00 &#8211; 17H30<br \/>Jeudi : 8H30 &#8211; 12H30<br \/>Vendredi : 14H00 &#8211; 17H30<\/p>\n<\/div>\n\n\n\n<div class=\"wp-block-column is-vertically-aligned-center is-layout-flow wp-block-column-is-layout-flow\">\n<h5 style=\"text-align: center;\"><strong>Sur rendez-vous,<br \/><\/strong><strong>en fonction du projet :<\/strong><\/h5>\n<p style=\"text-align: center;\">Lundi : 16H00 &#8211; 17H30<br \/>Mardi : 09H00 &#8211; 12H00<br \/>Mercredi : 09H00 &#8211; 12H30<br \/>Vendredi : 09H00 &#8211; 12H00 et 14H00 &#8211; 17H30<\/p>\n\n\n\n<p style=\"text-align: center;\"><em>Les demandes de RDV sont \u00e0 formuler par mail.<\/em><\/p>\n<\/div>\n<\/div>\n","protected":false},"excerpt":{"rendered":"<p>Restrictions d&rsquo;eau en cours Par autorit\u00e9 administrative sur saisie : Contacter le P\u00f4le \u00ab\u00a0URBANISME &amp; ENVIRONNEMENT\u00a0\u00bb 18, Avenue du Mar\u00e9chal Joffre66380 Pia T\u00e9l. : 04 68 63 75 43Mail : urbanisme@pia.fr Horaires d&rsquo;ouverture\u00e0 l&rsquo;accueil du public : Lundi : 8H30 &#8211; 12H30Mardi : 8H30 &#8211; 12H30Mercredi : 14H00 &#8211; 17H30Jeudi : 8H30 &#8211; 12H30Vendredi : [&hellip;]<\/p>\n","protected":false},"author":2,"featured_media":0,"parent":0,"menu_order":0,"comment_status":"closed","ping_status":"closed","template":"","meta":{"footnotes":""},"class_list":["post-1777","page","type-page","status-publish","hentry"],"_links":{"self":[{"href":"https:\/\/urbanisme.pia.fr\/index.php\/wp-json\/wp\/v2\/pages\/1777","targetHints":{"allow":["GET"]}}],"collection":[{"href":"https:\/\/urbanisme.pia.fr\/index.php\/wp-json\/wp\/v2\/pages"}],"about":[{"href":"https:\/\/urbanisme.pia.fr\/index.php\/wp-json\/wp\/v2\/types\/page"}],"author":[{"embeddable":true,"href":"https:\/\/urbanisme.pia.fr\/index.php\/wp-json\/wp\/v2\/users\/2"}],"replies":[{"embeddable":true,"href":"https:\/\/urbanisme.pia.fr\/index.php\/wp-json\/wp\/v2\/comments?post=1777"}],"version-history":[{"count":1,"href":"https:\/\/urbanisme.pia.fr\/index.php\/wp-json\/wp\/v2\/pages\/1777\/revisions"}],"predecessor-version":[{"id":1782,"href":"https:\/\/urbanisme.pia.fr\/index.php\/wp-json\/wp\/v2\/pages\/1777\/revisions\/1782"}],"wp:attachment":[{"href":"https:\/\/urbanisme.pia.fr\/index.php\/wp-json\/wp\/v2\/media?parent=1777"}],"curies":[{"name":"wp","href":"https:\/\/api.w.org\/{rel}","templated":true}]}}