{"id":1556,"date":"2024-08-29T17:55:39","date_gmt":"2024-08-29T15:55:39","guid":{"rendered":"https:\/\/urbanisme.pia.fr\/?page_id=1556"},"modified":"2025-02-05T17:54:12","modified_gmt":"2025-02-05T16:54:12","slug":"enquetes-publiques","status":"publish","type":"page","link":"https:\/\/urbanisme.pia.fr\/index.php\/enquetes-publiques\/","title":{"rendered":"Enqu\u00eates Publiques"},"content":{"rendered":"<p>La concertation, en particulier dans la phase amont de d\u00e9veloppement des projets, est une des cl\u00e9s de la r\u00e9ussite de l&rsquo;int\u00e9gration de ceux-ci tant dans leur environnement naturel qu&rsquo;humain.<\/p>\n<p>L&rsquo;enqu\u00eate publique\u00a0est un dispositif d&rsquo;information et de recueil des avis de la population. Elle est engag\u00e9e par le pr\u00e9fet, et conduite par un commissaire enqu\u00eateur (ou une commission d&rsquo;enqu\u00eate) d\u00e9sign\u00e9 par le pr\u00e9sident du Tribunal administratif et organis\u00e9e dans la (ou les) mairie(s) concern\u00e9(es) par le projet.<\/p>\n\n\n<hr class=\"wp-block-separator has-alpha-channel-opacity\"\/>\n\n\n<h3>A venir ou en cours :<\/h3>\n\n\n<ul class=\"wp-block-list\">\n<li>N\u00e9ant<\/li>\n<\/ul>\n\n\n\n<div class=\"wp-block-columns is-layout-flex wp-container-core-columns-is-layout-28f84493 wp-block-columns-is-layout-flex\">\n<div class=\"wp-block-column is-layout-flow wp-block-column-is-layout-flow\"><\/div>\n\n\n\n<div class=\"wp-block-column is-layout-flow wp-block-column-is-layout-flow\"><\/div>\n<\/div>\n\n\n\n<hr class=\"wp-block-separator has-alpha-channel-opacity\"\/>\n\n\n\n<h2 class=\"wp-block-heading has-text-align-center\">Contacter le P\u00f4le \u00ab\u00a0URBANISME &amp; ENVIRONNEMENT\u00a0\u00bb<\/h2>\n\n\n\n<div class=\"wp-block-columns are-vertically-aligned-center is-layout-flex wp-container-core-columns-is-layout-28f84493 wp-block-columns-is-layout-flex\">\n<div class=\"wp-block-column is-vertically-aligned-center is-layout-flow wp-block-column-is-layout-flow\">\n<p><img decoding=\"async\" class=\"wp-image-242 aligncenter\" src=\"https:\/\/urbanisme.pia.fr\/wp-content\/uploads\/2023\/02\/Logo-sans-texte-1-300x200.jpg\" alt=\"\" width=\"150\" height=\"100\" srcset=\"https:\/\/urbanisme.pia.fr\/wp-content\/uploads\/2023\/02\/Logo-sans-texte-1-300x200.jpg 300w, https:\/\/urbanisme.pia.fr\/wp-content\/uploads\/2023\/02\/Logo-sans-texte-1-1024x683.jpg 1024w, https:\/\/urbanisme.pia.fr\/wp-content\/uploads\/2023\/02\/Logo-sans-texte-1-768x512.jpg 768w, https:\/\/urbanisme.pia.fr\/wp-content\/uploads\/2023\/02\/Logo-sans-texte-1.jpg 1200w\" sizes=\"(max-width: 150px) 100vw, 150px\" \/><\/p>\n<p style=\"text-align: center;\">18, Avenue du Mar\u00e9chal Joffre<br \/>66380 Pia<\/p>\n<p style=\"text-align: center;\">T\u00e9l. : 04 68 63 75 43<br \/>Mail : <a href=\"mailto:urbanisme@pia.fr\" target=\"_blank\" rel=\"noopener\">urbanisme@pia.fr<\/a><\/p>\n<\/div>\n\n\n\n<div class=\"wp-block-column is-vertically-aligned-center is-layout-flow wp-block-column-is-layout-flow\">\n<h5 style=\"text-align: center;\"><strong>Horaires d&rsquo;ouverture<br \/>\u00e0 l&rsquo;accueil du public :<\/strong><\/h5>\n<p style=\"text-align: center;\">Lundi : 8H30 &#8211; 12H30<br \/>Mardi : 8H30 &#8211; 12H30<br \/>Mercredi : 14H00 &#8211; 17H30<br \/>Jeudi : 8H30 &#8211; 12H30<br \/>Vendredi : 14H00 &#8211; 17H30<\/p>\n<\/div>\n\n\n\n<div class=\"wp-block-column is-vertically-aligned-center is-layout-flow wp-block-column-is-layout-flow\">\n<h5 style=\"text-align: center;\"><strong>Sur rendez-vous,<br \/><\/strong><strong>en fonction du projet :<\/strong><\/h5>\n<p style=\"text-align: center;\">Lundi : 16H00 &#8211; 17H30<br \/>Mardi : 09H00 &#8211; 12H00<br \/>Mercredi : 09H00 &#8211; 12H30<br \/>Vendredi : 09H00 &#8211; 12H00 et 14H00 &#8211; 17H30<\/p>\n\n\n\n<p style=\"text-align: center;\"><em>Les demandes de RDV sont \u00e0 formuler par mail.<\/em><\/p>\n<\/div>\n<\/div>\n","protected":false},"excerpt":{"rendered":"<p>La concertation, en particulier dans la phase amont de d\u00e9veloppement des projets, est une des cl\u00e9s de la r\u00e9ussite de l&rsquo;int\u00e9gration de ceux-ci tant dans leur environnement naturel qu&rsquo;humain. L&rsquo;enqu\u00eate publique\u00a0est un dispositif d&rsquo;information et de recueil des avis de la population. Elle est engag\u00e9e par le pr\u00e9fet, et conduite par un commissaire enqu\u00eateur (ou [&hellip;]<\/p>\n","protected":false},"author":2,"featured_media":0,"parent":0,"menu_order":0,"comment_status":"closed","ping_status":"closed","template":"","meta":{"footnotes":""},"class_list":["post-1556","page","type-page","status-publish","hentry"],"_links":{"self":[{"href":"https:\/\/urbanisme.pia.fr\/index.php\/wp-json\/wp\/v2\/pages\/1556","targetHints":{"allow":["GET"]}}],"collection":[{"href":"https:\/\/urbanisme.pia.fr\/index.php\/wp-json\/wp\/v2\/pages"}],"about":[{"href":"https:\/\/urbanisme.pia.fr\/index.php\/wp-json\/wp\/v2\/types\/page"}],"author":[{"embeddable":true,"href":"https:\/\/urbanisme.pia.fr\/index.php\/wp-json\/wp\/v2\/users\/2"}],"replies":[{"embeddable":true,"href":"https:\/\/urbanisme.pia.fr\/index.php\/wp-json\/wp\/v2\/comments?post=1556"}],"version-history":[{"count":8,"href":"https:\/\/urbanisme.pia.fr\/index.php\/wp-json\/wp\/v2\/pages\/1556\/revisions"}],"predecessor-version":[{"id":1740,"href":"https:\/\/urbanisme.pia.fr\/index.php\/wp-json\/wp\/v2\/pages\/1556\/revisions\/1740"}],"wp:attachment":[{"href":"https:\/\/urbanisme.pia.fr\/index.php\/wp-json\/wp\/v2\/media?parent=1556"}],"curies":[{"name":"wp","href":"https:\/\/api.w.org\/{rel}","templated":true}]}}