{"id":129,"date":"2022-08-22T16:12:05","date_gmt":"2022-08-22T14:12:05","guid":{"rendered":"https:\/\/urbanisme.pia.fr\/?page_id=129"},"modified":"2025-04-09T15:27:23","modified_gmt":"2025-04-09T13:27:23","slug":"indemnisation-des-pertes-agricoles","status":"publish","type":"page","link":"https:\/\/urbanisme.pia.fr\/index.php\/indemnisation-des-pertes-agricoles\/","title":{"rendered":"Indemnisation des pertes agricoles"},"content":{"rendered":"\n<p>Permet aux agriculteurs dont l&rsquo;exploitation est situ\u00e9e dans une zone reconnue sinistr\u00e9e de d\u00e9clarer les pertes de productions agricoles caus\u00e9es par un al\u00e9a m\u00e9t\u00e9orologique et d\u00e9poser une demande d&rsquo;indemnisation aupr\u00e8s du fonds de garantie des calamit\u00e9s agricoles.<\/p>\n\n\n\n<p>D\u00e9claration concernant les pertes de fonds en mati\u00e8re de dommages aux sols, de plantations p\u00e9rennes et p\u00e9pini\u00e8res, d&rsquo;\u00e9levage, d&rsquo;ouvrages et stocks ext\u00e9rieurs.<\/p>\n\n\n\n<div class=\"wp-block-buttons is-content-justification-center is-layout-flex wp-container-core-buttons-is-layout-a89b3969 wp-block-buttons-is-layout-flex\">\n<div class=\"wp-block-button\"><a class=\"wp-block-button__link has-black-color has-vivid-green-cyan-background-color has-text-color has-background has-text-align-center wp-element-button\" href=\"http:\/\/mesdemarches.agriculture.gouv.fr\/demarches\/exploitation-agricole\/demander-une-aide-pac\/article\/demander-une-indemnisation\"><strong>Je t\u00e9l\u00e9charge ma demande<\/strong><\/a><\/div>\n\n\n\n<div class=\"wp-block-button\"><a class=\"wp-block-button__link has-black-color has-vivid-green-cyan-background-color has-text-color has-background has-text-align-center wp-element-button\" href=\"https:\/\/identification-usager.agriculture.gouv.fr\/cas\/login?service=https:\/\/moncompte.agriculture.gouv.fr\/individus\/\" target=\"_blank\" rel=\"noreferrer noopener\"><strong>J&rsquo;acc\u00e8de \u00e0 la d\u00e9marche en ligne <\/strong><\/a><\/div>\n<\/div>\n\n\n\n<hr class=\"wp-block-separator has-alpha-channel-opacity is-style-dots\"\/>\n\n\n<h2>Calamit\u00e9s agricoles sur le site de la Pr\u00e9fecture<\/h2>\n\n\n<div class=\"wp-block-columns is-layout-flex wp-container-core-columns-is-layout-28f84493 wp-block-columns-is-layout-flex\">\n<div class=\"wp-block-column is-layout-flow wp-block-column-is-layout-flow\" style=\"flex-basis:50px\">\n<p><a href=\"https:\/\/www.pyrenees-orientales.gouv.fr\/Actions-de-l-Etat\/Agriculture-foret-et-developpement-rural\/Agriculture\/Aides-conjoncturelles\/Calamites-agricoles\" target=\"_blank\" rel=\"noopener\"><img decoding=\"async\" class=\"alignleft wp-image-384\" src=\"https:\/\/urbanisme.pia.fr\/wp-content\/uploads\/2023\/02\/Prefecture-1.jpg\" alt=\"\" width=\"39\" height=\"50\" srcset=\"https:\/\/urbanisme.pia.fr\/wp-content\/uploads\/2023\/02\/Prefecture-1.jpg 496w, https:\/\/urbanisme.pia.fr\/wp-content\/uploads\/2023\/02\/Prefecture-1-234x300.jpg 234w\" sizes=\"(max-width: 39px) 100vw, 39px\" \/><\/a><\/p>\n<\/div>\n\n\n\n<div class=\"wp-block-column is-vertically-aligned-center is-layout-flow wp-block-column-is-layout-flow\" style=\"flex-basis:90%\">\n<p>La Pr\u00e9fecture des Pyr\u00e9n\u00e9es-Orientales a d\u00e9di\u00e9e une page enti\u00e8re sur son site Internet aux <a href=\"https:\/\/www.pyrenees-orientales.gouv.fr\/Actions-de-l-Etat\/Agriculture-foret-et-developpement-rural\/Agriculture\/Aides-conjoncturelles\/Calamites-agricoles\" target=\"_blank\" rel=\"noopener\">calamit\u00e9s agricoles<\/a>.<\/p>\n<\/div>\n<\/div>\n\n\n<h3>Les calamit\u00e9s en cours<\/h3>\n\n\n<div class=\"wp-block-columns is-layout-flex wp-container-core-columns-is-layout-28f84493 wp-block-columns-is-layout-flex\">\n<div class=\"wp-block-column is-layout-flow wp-block-column-is-layout-flow\">\n<p><strong><em>ISN &#8211; Pertes de r\u00e9coltes caus\u00e9es par la s\u00e9cheresse : vignes, abricots, c\u00e9r\u00e9ales<\/em><\/strong><\/p>\n<p>Pertes de r\u00e9coltes caus\u00e9es parla s\u00e9cheresse du 1er septembre 2023 au 31 ao\u00fbt 2024<\/p>\n<p>Demande d&rsquo;indemnisation par t\u00e9l\u00e9d\u00e9claration du 10 mars au 10 avril 2025 inclus<\/p>\n\n\n\n<div class=\"wp-block-buttons is-content-justification-center is-layout-flex wp-container-core-buttons-is-layout-a89b3969 wp-block-buttons-is-layout-flex\">\n<div class=\"wp-block-button\"><a class=\"wp-block-button__link wp-element-button\" href=\"https:\/\/ecoagri.agriculture.gouv.fr\/aleanat\" target=\"_blank\" rel=\"noreferrer noopener\"><strong>T\u00e9l\u00e9d\u00e9claration<\/strong><\/a><\/div>\n<\/div>\n\n\n\n<p>Les pi\u00e8ces justificatives peuvent \u00eatre envoy\u00e9es par mail \u00e0 l&rsquo;adresse suivante : <a id=\"26a3d9b3bc65314d2430249222051e11\" class=\"fr-link\" href=\"mailto:ddtm-justificatif-calamite-isn@pyrenees-orientales.gouv.fr\" target=\"_self\" data-fr-js-link-actionee=\"true\">ddtm-justificatif-calamite-isn@pyrenees-orientales.gouv.fr<\/a><\/p>\n\n\n\n<p>Demande d&rsquo;indemnisation par d\u00e9p\u00f4t d&rsquo;un dossier papier par courrier postal du 10 mars au 10 avril 2025 inclus \u00e0 l&rsquo;adresse suivante :<br \/>DDTM des Pyr\u00e9n\u00e9es-Orientales<br \/>Service Nature Agriculture et For\u00eat<br \/>2 Rue Jean Richepin<br \/>BP50909<br \/>66020 Perpignan CEDEX<\/p>\n\n\n\n<div class=\"wp-block-buttons is-content-justification-center is-layout-flex wp-container-core-buttons-is-layout-a89b3969 wp-block-buttons-is-layout-flex\">\n<div class=\"wp-block-button\"><a class=\"wp-block-button__link wp-element-button\" href=\"https:\/\/www.pyrenees-orientales.gouv.fr\/contenu\/telechargement\/43881\/340941\/file\/formulaire_secheresse_2023_2024_vignes+abricots+c%C3%A9r%C3%A9ales.pdf\" target=\"_blank\" rel=\"noreferrer noopener\"><strong>CERFA<\/strong><\/a><\/div>\n\n\n\n<div class=\"wp-block-button\"><a class=\"wp-block-button__link wp-element-button\" href=\"https:\/\/www.pyrenees-orientales.gouv.fr\/Actions-de-l-Etat\/Agriculture-foret-et-developpement-rural\/Agriculture\/Aides-conjoncturelles\/Calamites-agricoles\/ISN-Pertes-de-recolte-causees-par-la-secheresse-vignes-abricots-cereales\" target=\"_blank\" rel=\"noreferrer noopener\"><strong>Lien vers la page de la Pr\u00e9fecture<\/strong><\/a><\/div>\n<\/div>\n<\/div>\n\n\n\n<div class=\"wp-block-column is-layout-flow wp-block-column-is-layout-flow\"><\/div>\n<\/div>\n\n\n\n<hr class=\"wp-block-separator has-alpha-channel-opacity is-style-dots\"\/>\n\n\n<h2>Les aides de crise<\/h2>\n\n\n<div class=\"wp-block-columns is-layout-flex wp-container-core-columns-is-layout-28f84493 wp-block-columns-is-layout-flex\">\n<div class=\"wp-block-column is-layout-flow wp-block-column-is-layout-flow\" style=\"flex-basis:50px\">\n<p><a href=\"https:\/\/www.pyrenees-orientales.gouv.fr\/Actions-de-l-Etat\/Agriculture-foret-et-developpement-rural\/Agriculture\/Aides-conjoncturelles\/Calamites-agricoles\" target=\"_blank\" rel=\"noopener\"><img decoding=\"async\" class=\"alignleft wp-image-384\" src=\"https:\/\/urbanisme.pia.fr\/wp-content\/uploads\/2023\/02\/Prefecture-1.jpg\" alt=\"\" width=\"39\" height=\"50\" srcset=\"https:\/\/urbanisme.pia.fr\/wp-content\/uploads\/2023\/02\/Prefecture-1.jpg 496w, https:\/\/urbanisme.pia.fr\/wp-content\/uploads\/2023\/02\/Prefecture-1-234x300.jpg 234w\" sizes=\"(max-width: 39px) 100vw, 39px\" \/><\/a><\/p>\n<\/div>\n\n\n\n<div class=\"wp-block-column is-vertically-aligned-center is-layout-flow wp-block-column-is-layout-flow\" style=\"flex-basis:90%\">\n<p>La Pr\u00e9fecture des Pyr\u00e9n\u00e9es-Orientales a d\u00e9di\u00e9e une page enti\u00e8re sur son site Internet aux <a href=\"https:\/\/www.pyrenees-orientales.gouv.fr\/Actions-de-l-Etat\/Agriculture-foret-et-developpement-rural\/Agriculture\/Aides-conjoncturelles\/Les-aides-de-crise\" target=\"_blank\" rel=\"noopener\">aides de crise<\/a>.<\/p>\n<\/div>\n<\/div>\n\n\n<h3>Les aides en cours<\/h3>\n\n\n<div class=\"wp-block-columns is-layout-flex wp-container-core-columns-is-layout-28f84493 wp-block-columns-is-layout-flex\">\n<div class=\"wp-block-column is-layout-flow wp-block-column-is-layout-flow\">\n<p>N\u00e9ant<\/p>\n<\/div>\n\n\n\n<div class=\"wp-block-column is-layout-flow wp-block-column-is-layout-flow\"><\/div>\n<\/div>\n\n\n\n<hr class=\"wp-block-separator has-alpha-channel-opacity\"\/>\n\n\n\n<h2 class=\"wp-block-heading has-text-align-center\">Contacter le P\u00f4le \u00ab\u00a0URBANISME &amp; ENVIRONNEMENT\u00a0\u00bb<\/h2>\n\n\n\n<div class=\"wp-block-columns are-vertically-aligned-center is-layout-flex wp-container-core-columns-is-layout-28f84493 wp-block-columns-is-layout-flex\">\n<div class=\"wp-block-column is-vertically-aligned-center is-layout-flow wp-block-column-is-layout-flow\">\n<p><img decoding=\"async\" class=\"wp-image-242 aligncenter\" src=\"https:\/\/urbanisme.pia.fr\/wp-content\/uploads\/2023\/02\/Logo-sans-texte-1-300x200.jpg\" alt=\"\" width=\"150\" height=\"100\" srcset=\"https:\/\/urbanisme.pia.fr\/wp-content\/uploads\/2023\/02\/Logo-sans-texte-1-300x200.jpg 300w, https:\/\/urbanisme.pia.fr\/wp-content\/uploads\/2023\/02\/Logo-sans-texte-1-1024x683.jpg 1024w, https:\/\/urbanisme.pia.fr\/wp-content\/uploads\/2023\/02\/Logo-sans-texte-1-768x512.jpg 768w, https:\/\/urbanisme.pia.fr\/wp-content\/uploads\/2023\/02\/Logo-sans-texte-1.jpg 1200w\" sizes=\"(max-width: 150px) 100vw, 150px\" \/><\/p>\n<p style=\"text-align: center;\">18, Avenue du Mar\u00e9chal Joffre<br \/>66380 Pia<\/p>\n<p style=\"text-align: center;\">T\u00e9l. : 04 68 63 75 43<br \/>Mail : <a href=\"mailto:urbanisme@pia.fr\" target=\"_blank\" rel=\"noopener\">urbanisme@pia.fr<\/a><\/p>\n<\/div>\n\n\n\n<div class=\"wp-block-column is-vertically-aligned-center is-layout-flow wp-block-column-is-layout-flow\">\n<h5 style=\"text-align: center;\"><strong>Horaires d&rsquo;ouverture<br \/>\u00e0 l&rsquo;accueil du public :<\/strong><\/h5>\n<p style=\"text-align: center;\">Lundi : 8H30 &#8211; 12H30<br \/>Mardi : 8H30 &#8211; 12H30<br \/>Mercredi : 14H00 &#8211; 17H30<br \/>Jeudi : 8H30 &#8211; 12H30<br \/>Vendredi : 14H00 &#8211; 17H30<\/p>\n<\/div>\n\n\n\n<div class=\"wp-block-column is-vertically-aligned-center is-layout-flow wp-block-column-is-layout-flow\">\n<h5 style=\"text-align: center;\"><strong>Sur rendez-vous,<br \/><\/strong><strong>en fonction du projet :<\/strong><\/h5>\n<p style=\"text-align: center;\">Lundi : 16H00 &#8211; 17H30<br \/>Mardi : 09H00 &#8211; 12H00<br \/>Mercredi : 09H00 &#8211; 12H30<br \/>Vendredi : 09H00 &#8211; 12H00 et 14H00 &#8211; 17H30<\/p>\n\n\n\n<p style=\"text-align: center;\"><em>Les demandes de RDV sont \u00e0 formuler par mail.<\/em><\/p>\n<\/div>\n<\/div>\n","protected":false},"excerpt":{"rendered":"<p>Permet aux agriculteurs dont l&rsquo;exploitation est situ\u00e9e dans une zone reconnue sinistr\u00e9e de d\u00e9clarer les pertes de productions agricoles caus\u00e9es par un al\u00e9a m\u00e9t\u00e9orologique et d\u00e9poser une demande d&rsquo;indemnisation aupr\u00e8s du fonds de garantie des calamit\u00e9s agricoles. D\u00e9claration concernant les pertes de fonds en mati\u00e8re de dommages aux sols, de plantations p\u00e9rennes et p\u00e9pini\u00e8res, d&rsquo;\u00e9levage, [&hellip;]<\/p>\n","protected":false},"author":3,"featured_media":0,"parent":0,"menu_order":0,"comment_status":"closed","ping_status":"closed","template":"","meta":{"footnotes":""},"class_list":["post-129","page","type-page","status-publish","hentry"],"_links":{"self":[{"href":"https:\/\/urbanisme.pia.fr\/index.php\/wp-json\/wp\/v2\/pages\/129","targetHints":{"allow":["GET"]}}],"collection":[{"href":"https:\/\/urbanisme.pia.fr\/index.php\/wp-json\/wp\/v2\/pages"}],"about":[{"href":"https:\/\/urbanisme.pia.fr\/index.php\/wp-json\/wp\/v2\/types\/page"}],"author":[{"embeddable":true,"href":"https:\/\/urbanisme.pia.fr\/index.php\/wp-json\/wp\/v2\/users\/3"}],"replies":[{"embeddable":true,"href":"https:\/\/urbanisme.pia.fr\/index.php\/wp-json\/wp\/v2\/comments?post=129"}],"version-history":[{"count":30,"href":"https:\/\/urbanisme.pia.fr\/index.php\/wp-json\/wp\/v2\/pages\/129\/revisions"}],"predecessor-version":[{"id":1890,"href":"https:\/\/urbanisme.pia.fr\/index.php\/wp-json\/wp\/v2\/pages\/129\/revisions\/1890"}],"wp:attachment":[{"href":"https:\/\/urbanisme.pia.fr\/index.php\/wp-json\/wp\/v2\/media?parent=129"}],"curies":[{"name":"wp","href":"https:\/\/api.w.org\/{rel}","templated":true}]}}