{"id":124,"date":"2022-08-22T16:06:10","date_gmt":"2022-08-22T14:06:10","guid":{"rendered":"https:\/\/urbanisme.pia.fr\/?page_id=124"},"modified":"2025-02-05T17:46:43","modified_gmt":"2025-02-05T16:46:43","slug":"declaration-de-prelevements-puit-et-forages","status":"publish","type":"page","link":"https:\/\/urbanisme.pia.fr\/index.php\/declaration-de-prelevements-puit-et-forages\/","title":{"rendered":"D\u00e9claration d&rsquo;un puits ou d&rsquo;un forage"},"content":{"rendered":"\n<div class=\"wp-block-columns is-layout-flex wp-container-core-columns-is-layout-28f84493 wp-block-columns-is-layout-flex\">\n<div class=\"wp-block-column is-layout-flow wp-block-column-is-layout-flow\">\n<p><img fetchpriority=\"high\" decoding=\"async\" class=\"aligncenter wp-image-378\" src=\"https:\/\/urbanisme.pia.fr\/wp-content\/uploads\/2023\/02\/Accueil-TRIOU-2-300x268.jpg\" alt=\"\" width=\"336\" height=\"300\" srcset=\"https:\/\/urbanisme.pia.fr\/wp-content\/uploads\/2023\/02\/Accueil-TRIOU-2-300x268.jpg 300w, https:\/\/urbanisme.pia.fr\/wp-content\/uploads\/2023\/02\/Accueil-TRIOU-2.jpg 700w\" sizes=\"(max-width: 336px) 100vw, 336px\" \/><\/p>\n<\/div>\n\n\n\n<div class=\"wp-block-column is-layout-flow wp-block-column-is-layout-flow\">\n<p><img decoding=\"async\" class=\"aligncenter wp-image-379\" src=\"https:\/\/urbanisme.pia.fr\/wp-content\/uploads\/2023\/02\/Le-prix-de-forage-dun-puits-300x209.jpg\" alt=\"\" width=\"432\" height=\"300\" srcset=\"https:\/\/urbanisme.pia.fr\/wp-content\/uploads\/2023\/02\/Le-prix-de-forage-dun-puits-300x209.jpg 300w, https:\/\/urbanisme.pia.fr\/wp-content\/uploads\/2023\/02\/Le-prix-de-forage-dun-puits-1024x712.jpg 1024w, https:\/\/urbanisme.pia.fr\/wp-content\/uploads\/2023\/02\/Le-prix-de-forage-dun-puits-768x534.jpg 768w, https:\/\/urbanisme.pia.fr\/wp-content\/uploads\/2023\/02\/Le-prix-de-forage-dun-puits-1536x1068.jpg 1536w, https:\/\/urbanisme.pia.fr\/wp-content\/uploads\/2023\/02\/Le-prix-de-forage-dun-puits.jpg 1653w\" sizes=\"(max-width: 432px) 100vw, 432px\" \/><\/p>\n<\/div>\n<\/div>\n\n\n\n<div class=\"wp-block-columns is-layout-flex wp-container-core-columns-is-layout-28f84493 wp-block-columns-is-layout-flex\">\n<div class=\"wp-block-column is-layout-flow wp-block-column-is-layout-flow\">\n<div class=\"wp-block-columns is-layout-flex wp-container-core-columns-is-layout-28f84493 wp-block-columns-is-layout-flex\">\n<div class=\"wp-block-column is-vertically-aligned-center is-layout-flow wp-block-column-is-layout-flow\" style=\"flex-basis:20%\">\n<p><a href=\"https:\/\/urbanisme.pia.fr\/index.php\/preservation-de-la-ressource-en-eau\/\"><img decoding=\"async\" class=\"wp-image-638 size-thumbnail aligncenter\" src=\"https:\/\/urbanisme.pia.fr\/wp-content\/uploads\/2023\/02\/ATTENTION-150x150.png\" alt=\"\" width=\"150\" height=\"150\" srcset=\"https:\/\/urbanisme.pia.fr\/wp-content\/uploads\/2023\/02\/ATTENTION-150x150.png 150w, https:\/\/urbanisme.pia.fr\/wp-content\/uploads\/2023\/02\/ATTENTION.png 225w\" sizes=\"(max-width: 150px) 100vw, 150px\" \/><\/a><\/p>\n<\/div>\n\n\n\n<div class=\"wp-block-column is-vertically-aligned-center has-black-color has-pale-cyan-blue-background-color has-text-color has-background is-layout-flow wp-block-column-is-layout-flow\" style=\"flex-basis:40%\">\n<h2 style=\"text-align: center;\"><a href=\"https:\/\/urbanisme.pia.fr\/index.php\/preservation-de-la-ressource-en-eau\/\">Restrictions d&rsquo;eau en cours<\/a><\/h2>\n<\/div>\n\n\n\n<div class=\"wp-block-column is-vertically-aligned-center is-layout-flow wp-block-column-is-layout-flow\" style=\"flex-basis:40%\">\n<p><a href=\"https:\/\/urbanisme.pia.fr\/index.php\/preservation-de-la-ressource-en-eau\/\"><img loading=\"lazy\" decoding=\"async\" class=\"wp-image-633 alignleft\" src=\"https:\/\/urbanisme.pia.fr\/wp-content\/uploads\/2023\/02\/Preservons-leau-300x200.png\" alt=\"\" width=\"226\" height=\"150\" srcset=\"https:\/\/urbanisme.pia.fr\/wp-content\/uploads\/2023\/02\/Preservons-leau-300x200.png 300w, https:\/\/urbanisme.pia.fr\/wp-content\/uploads\/2023\/02\/Preservons-leau-1024x681.png 1024w, https:\/\/urbanisme.pia.fr\/wp-content\/uploads\/2023\/02\/Preservons-leau-768x511.png 768w, https:\/\/urbanisme.pia.fr\/wp-content\/uploads\/2023\/02\/Preservons-leau.png 1200w\" sizes=\"(max-width: 226px) 100vw, 226px\" \/><\/a><\/p>\n<\/div>\n<\/div>\n<\/div>\n<\/div>\n\n\n<p>La d\u00e9claration des dispositifs de pr\u00e9l\u00e8vement d&rsquo;eau souterraine \u00e0 usage domestiques a \u00e9t\u00e9 rendu obligatoire \u00e0 compter du 1er janvier 2009 (D\u00e9cret n\u00b02008-652 du 2 juillet 2008).<\/p>\n<p>Ce dernier indique que :<\/p>\n<ul>\n<li><span style=\"font-size: revert; color: initial;\">Un ouvrage de pr\u00e9l\u00e8vement d&rsquo;eau souterraine \u00e0 usage domestique (puits ou forage) doit obligatoirement \u00eatre d\u00e9clar\u00e9 en Mairie au moins 1 mois avant le d\u00e9but des travaux ;<\/span><\/li>\n<li>Les ouvrages entrepris ou achev\u00e9s avant le 31 d\u00e9cembre 2008 devaient \u00eatre d\u00e9clar\u00e9s avant le 31 d\u00e9cembre 2009<\/li>\n<\/ul>\n\n\n<hr class=\"wp-block-separator aligncenter has-text-color has-vivid-cyan-blue-color has-alpha-channel-opacity has-vivid-cyan-blue-background-color has-background is-style-dots\"\/>\n\n\n<h2>Quelles sont les d\u00e9marches \u00e0 effectuer pour r\u00e9aliser un puits ou un forage ?<\/h2>\n\n\n<div class=\"wp-block-columns is-layout-flex wp-container-core-columns-is-layout-28f84493 wp-block-columns-is-layout-flex\">\n<div class=\"wp-block-column is-vertically-aligned-center is-layout-flow wp-block-column-is-layout-flow\" style=\"flex-basis:66.66%\">\n<p>Depuis le 1er f\u00e9vrier 2024, les d\u00e9clarations des forages se font en ligne sur le site internet DUPLOS (D\u00e9claration Unifi\u00e9e Pour les Ouvrages Souterrains).<\/p>\n<\/div>\n\n\n\n<div class=\"wp-block-column is-layout-flow wp-block-column-is-layout-flow\" style=\"flex-basis:33.33%\">\n<p><a href=\"https:\/\/duplos.developpement-durable.gouv.fr\/#\/\" target=\"_blank\" rel=\"noopener\"><img loading=\"lazy\" decoding=\"async\" class=\"size-medium wp-image-1321 aligncenter\" src=\"https:\/\/urbanisme.pia.fr\/wp-content\/uploads\/2024\/02\/LOGO-300x92.png\" alt=\"\" width=\"300\" height=\"92\" srcset=\"https:\/\/urbanisme.pia.fr\/wp-content\/uploads\/2024\/02\/LOGO-300x92.png 300w, https:\/\/urbanisme.pia.fr\/wp-content\/uploads\/2024\/02\/LOGO.png 332w\" sizes=\"(max-width: 300px) 100vw, 300px\" \/><\/a><\/p>\n<\/div>\n<\/div>\n\n\n\n<div class=\"wp-block-buttons is-content-justification-center is-layout-flex wp-container-core-buttons-is-layout-a89b3969 wp-block-buttons-is-layout-flex\">\n<div class=\"wp-block-button\"><a class=\"wp-block-button__link has-black-color has-pale-cyan-blue-background-color has-text-color has-background has-link-color wp-element-button\" href=\"https:\/\/duplos.developpement-durable.gouv.fr\/#\/\" target=\"_blank\" rel=\"noreferrer noopener\"><strong>Site Internet DUPLOS<\/strong><\/a><\/div>\n<\/div>\n\n\n<p style=\"text-align: center;\"><em>Le site est plus efficace en utilisant le navigateur Firefox.<\/em><\/p>\n\n\n<hr class=\"wp-block-separator has-text-color has-vivid-cyan-blue-color has-alpha-channel-opacity has-vivid-cyan-blue-background-color has-background is-style-dots\"\/>\n\n\n<h2>Que faire si mon ouvrage de pr\u00e9l\u00e8vement d&rsquo;eau souterraine n&rsquo;a jamais fait l&rsquo;objet d&rsquo;une d\u00e9claration ?<\/h2>\n\n\n<div class=\"wp-block-columns is-layout-flex wp-container-core-columns-is-layout-28f84493 wp-block-columns-is-layout-flex\">\n<div class=\"wp-block-column is-vertically-aligned-center is-layout-flow wp-block-column-is-layout-flow\" style=\"flex-basis:66.66%\">\n<p>Tout comme pour un nouvel ouvrage, vous devez d\u00e9poser la d\u00e9claration dans les plus brefs d\u00e9lais.<\/p>\n<\/div>\n\n\n\n<div class=\"wp-block-column is-layout-flow wp-block-column-is-layout-flow\" style=\"flex-basis:33.33%\">\n<p><a href=\"https:\/\/duplos.developpement-durable.gouv.fr\/#\/\" target=\"_blank\" rel=\"noopener\"><img loading=\"lazy\" decoding=\"async\" class=\"size-medium wp-image-1321 aligncenter\" src=\"https:\/\/urbanisme.pia.fr\/wp-content\/uploads\/2024\/02\/LOGO-300x92.png\" alt=\"\" width=\"300\" height=\"92\" srcset=\"https:\/\/urbanisme.pia.fr\/wp-content\/uploads\/2024\/02\/LOGO-300x92.png 300w, https:\/\/urbanisme.pia.fr\/wp-content\/uploads\/2024\/02\/LOGO.png 332w\" sizes=\"(max-width: 300px) 100vw, 300px\" \/><\/a><\/p>\n<\/div>\n<\/div>\n\n\n\n<div class=\"wp-block-buttons is-content-justification-center is-layout-flex wp-container-core-buttons-is-layout-a89b3969 wp-block-buttons-is-layout-flex\">\n<div class=\"wp-block-button\"><a class=\"wp-block-button__link has-black-color has-pale-cyan-blue-background-color has-text-color has-background has-link-color wp-element-button\" href=\"https:\/\/duplos.developpement-durable.gouv.fr\/#\/\" target=\"_blank\" rel=\"noreferrer noopener\"><strong>Site Internet DUPLOS<\/strong><\/a><\/div>\n<\/div>\n\n\n<p style=\"text-align: center;\"><em>Le site est plus efficace en utilisant le navigateur Firefox.<\/em><\/p>\n\n\n<hr class=\"wp-block-separator has-alpha-channel-opacity is-style-dots\"\/>\n\n\n<h3>Les liens :<\/h3>\n\n\n<ul class=\"wp-block-list\">\n<li>Site du service public : <a href=\"https:\/\/www.service-public.fr\/particuliers\/vosdroits\/F172\" target=\"_blank\" rel=\"noreferrer noopener\">https:\/\/www.service-public.fr<\/a><\/li>\n\n\n\n<li>D\u00e9cret 2008-652 du 2 juillet 2008 :\u00a0<a href=\"https:\/\/www.legifrance.gouv.fr\/jorf\/id\/JORFTEXT000019117611\" target=\"_blank\" rel=\"noreferrer noopener\">https:\/\/www.legifrance.gouv.fr<\/a><\/li>\n\n\n\n<li>Arr\u00eat\u00e9 Interminist\u00e9riel du 17 d\u00e9cembre 2008 : <a href=\"https:\/\/www.legifrance.gouv.fr\/jorf\/id\/JORFTEXT000019992029\" target=\"_blank\" rel=\"noreferrer noopener\">https:\/\/www.legifrance.gouv.fr<\/a><\/li>\n\n\n\n<li>Code Minier &#8211; Art. L.411-1 :\u00a0<a href=\"https:\/\/www.legifrance.gouv.fr\/codes\/article_lc\/LEGIARTI000023505812\/\" target=\"_blank\" rel=\"noreferrer noopener\">https:\/\/www.legifrance.gouv.fr<\/a><\/li>\n\n\n\n<li>Code de l&rsquo;Environnement &#8211; Art. R.241-5 :\u00a0<a href=\"https:\/\/www.legifrance.gouv.fr\/codes\/article_lc\/LEGIARTI000006835466\/\" target=\"_blank\" rel=\"noreferrer noopener\">https:\/\/www.legifrance.gouv.fr<\/a><\/li>\n\n\n\n<li>Code G\u00e9n\u00e9ral des Collectivit\u00e9s Territoriales :\n<ul class=\"wp-block-list\">\n<li>Art. L.2224-9 :\u00a0<a href=\"https:\/\/www.legifrance.gouv.fr\/codes\/article_lc\/LEGIARTI000043975595\" target=\"_blank\" rel=\"noreferrer noopener\">https:\/\/www.legifrance.gouv.fr<\/a><\/li>\n\n\n\n<li>Art. L.2224-12 :\u00a0<a href=\"https:\/\/www.legifrance.gouv.fr\/codes\/article_lc\/LEGIARTI000006390363\/\" target=\"_blank\" rel=\"noreferrer noopener\">https:\/\/www.legifrance.gouv.fr<\/a><\/li>\n\n\n\n<li>Art. R.2224-22 :\u00a0<a href=\"https:\/\/www.legifrance.gouv.fr\/codes\/article_lc\/LEGIARTI000019119111\" target=\"_blank\" rel=\"noreferrer noopener\">https:\/\/www.legifrance.gouv.fr<\/a><\/li>\n<\/ul>\n<\/li>\n\n\n\n<li>DREAL OCCITANIE &#8211; D\u00e9claration des forages :\u00a0<a href=\"https:\/\/www.occitanie.developpement-durable.gouv.fr\/declaration-des-forages-code-minier-a24272.html\" target=\"_blank\" rel=\"noreferrer noopener\">https:\/\/www.occitanie.developpement-durable.gouv.fr\/<\/a><\/li>\n<\/ul>\n\n\n\n<hr class=\"wp-block-separator has-alpha-channel-opacity\"\/>\n\n\n\n<h2 class=\"wp-block-heading has-text-align-center\">Contacter le P\u00f4le \u00ab\u00a0URBANISME &amp; ENVIRONNEMENT\u00a0\u00bb<\/h2>\n\n\n\n<div class=\"wp-block-columns are-vertically-aligned-center is-layout-flex wp-container-core-columns-is-layout-28f84493 wp-block-columns-is-layout-flex\">\n<div class=\"wp-block-column is-vertically-aligned-center is-layout-flow wp-block-column-is-layout-flow\">\n<p><img loading=\"lazy\" decoding=\"async\" class=\"wp-image-242 aligncenter\" src=\"https:\/\/urbanisme.pia.fr\/wp-content\/uploads\/2023\/02\/Logo-sans-texte-1-300x200.jpg\" alt=\"\" width=\"150\" height=\"100\" srcset=\"https:\/\/urbanisme.pia.fr\/wp-content\/uploads\/2023\/02\/Logo-sans-texte-1-300x200.jpg 300w, https:\/\/urbanisme.pia.fr\/wp-content\/uploads\/2023\/02\/Logo-sans-texte-1-1024x683.jpg 1024w, https:\/\/urbanisme.pia.fr\/wp-content\/uploads\/2023\/02\/Logo-sans-texte-1-768x512.jpg 768w, https:\/\/urbanisme.pia.fr\/wp-content\/uploads\/2023\/02\/Logo-sans-texte-1.jpg 1200w\" sizes=\"(max-width: 150px) 100vw, 150px\" \/><\/p>\n<p style=\"text-align: center;\">18, Avenue du Mar\u00e9chal Joffre<br \/>66380 Pia<\/p>\n<p style=\"text-align: center;\">T\u00e9l. : 04 68 63 75 43<br \/>Mail : <a href=\"mailto:urbanisme@pia.fr\" target=\"_blank\" rel=\"noopener\">urbanisme@pia.fr<\/a><\/p>\n<\/div>\n\n\n\n<div class=\"wp-block-column is-vertically-aligned-center is-layout-flow wp-block-column-is-layout-flow\">\n<h5 style=\"text-align: center;\"><strong>Horaires d&rsquo;ouverture<br \/>\u00e0 l&rsquo;accueil du public :<\/strong><\/h5>\n<p style=\"text-align: center;\">Lundi : 8H30 &#8211; 12H30<br \/>Mardi : 8H30 &#8211; 12H30<br \/>Mercredi : 14H00 &#8211; 17H30<br \/>Jeudi : 8H30 &#8211; 12H30<br \/>Vendredi : 14H00 &#8211; 17H30<\/p>\n<\/div>\n\n\n\n<div class=\"wp-block-column is-vertically-aligned-center is-layout-flow wp-block-column-is-layout-flow\">\n<h5 style=\"text-align: center;\"><strong>Sur rendez-vous,<br \/><\/strong><strong>en fonction du projet :<\/strong><\/h5>\n<p style=\"text-align: center;\">Lundi : 16H00 &#8211; 17H30<br \/>Mardi : 09H00 &#8211; 12H00<br \/>Mercredi : 09H00 &#8211; 12H30<br \/>Vendredi : 09H00 &#8211; 12H00 et 14H00 &#8211; 17H30<\/p>\n\n\n\n<p style=\"text-align: center;\"><em>Les demandes de RDV sont \u00e0 formuler par mail.<\/em><\/p>\n<\/div>\n<\/div>\n","protected":false},"excerpt":{"rendered":"<p>Restrictions d&rsquo;eau en cours La d\u00e9claration des dispositifs de pr\u00e9l\u00e8vement d&rsquo;eau souterraine \u00e0 usage domestiques a \u00e9t\u00e9 rendu obligatoire \u00e0 compter du 1er janvier 2009 (D\u00e9cret n\u00b02008-652 du 2 juillet 2008). Ce dernier indique que : Un ouvrage de pr\u00e9l\u00e8vement d&rsquo;eau souterraine \u00e0 usage domestique (puits ou forage) doit obligatoirement \u00eatre d\u00e9clar\u00e9 en Mairie au [&hellip;]<\/p>\n","protected":false},"author":2,"featured_media":0,"parent":0,"menu_order":0,"comment_status":"closed","ping_status":"closed","template":"","meta":{"footnotes":""},"class_list":["post-124","page","type-page","status-publish","hentry"],"_links":{"self":[{"href":"https:\/\/urbanisme.pia.fr\/index.php\/wp-json\/wp\/v2\/pages\/124","targetHints":{"allow":["GET"]}}],"collection":[{"href":"https:\/\/urbanisme.pia.fr\/index.php\/wp-json\/wp\/v2\/pages"}],"about":[{"href":"https:\/\/urbanisme.pia.fr\/index.php\/wp-json\/wp\/v2\/types\/page"}],"author":[{"embeddable":true,"href":"https:\/\/urbanisme.pia.fr\/index.php\/wp-json\/wp\/v2\/users\/2"}],"replies":[{"embeddable":true,"href":"https:\/\/urbanisme.pia.fr\/index.php\/wp-json\/wp\/v2\/comments?post=124"}],"version-history":[{"count":47,"href":"https:\/\/urbanisme.pia.fr\/index.php\/wp-json\/wp\/v2\/pages\/124\/revisions"}],"predecessor-version":[{"id":1736,"href":"https:\/\/urbanisme.pia.fr\/index.php\/wp-json\/wp\/v2\/pages\/124\/revisions\/1736"}],"wp:attachment":[{"href":"https:\/\/urbanisme.pia.fr\/index.php\/wp-json\/wp\/v2\/media?parent=124"}],"curies":[{"name":"wp","href":"https:\/\/api.w.org\/{rel}","templated":true}]}}