{"id":1218,"date":"2023-06-20T10:29:15","date_gmt":"2023-06-20T08:29:15","guid":{"rendered":"https:\/\/urbanisme.pia.fr\/?page_id=1218"},"modified":"2025-02-05T17:05:39","modified_gmt":"2025-02-05T16:05:39","slug":"alignement","status":"publish","type":"page","link":"https:\/\/urbanisme.pia.fr\/index.php\/alignement\/","title":{"rendered":"Affichage des Arr\u00eat\u00e9s d&rsquo;Alignement"},"content":{"rendered":"<p>Un alignement permet de d\u00e9limiter la domaine public (mat\u00e9rialis\u00e9 sur les plans cadastraux pour une parcelle sans num\u00e9ro) du domaine priv\u00e9.<\/p>\n<p>Les arr\u00eat\u00e9s d&rsquo;alignement sont pris par le propri\u00e9taire de la voie publique (Maire, Pr\u00e9sident du Conseil D\u00e9partemental ou Pr\u00e9fet).<\/p>\n<h4>Alignements individuels<\/h4>\n<p>Les arr\u00eat\u00e9s d&rsquo;alignements individuels sont souvent demand\u00e9s par les <a href=\"https:\/\/www.geometre-expert.fr\/trouver-un-geometre-expert\/\" target=\"_blank\" rel=\"noopener\">g\u00e9om\u00e8tres-experts<\/a> apr\u00e8s la r\u00e9alisation du bornage d&rsquo;une parcelle situ\u00e9e en bordure de voie publique.<\/p>\n\n\n<div class=\"wp-block-columns is-layout-flex wp-container-core-columns-is-layout-28f84493 wp-block-columns-is-layout-flex\">\n<div class=\"wp-block-column is-layout-flow wp-block-column-is-layout-flow\"><\/div>\n\n\n\n<div class=\"wp-block-column is-layout-flow wp-block-column-is-layout-flow\"><\/div>\n<\/div>\n\n\n<h4>Plans d&rsquo;alignements<\/h4>\n<p>NEANT<\/p>\n\n\n<hr class=\"wp-block-separator has-alpha-channel-opacity\"\/>\n\n\n\n<h2 class=\"wp-block-heading has-text-align-center\">Contacter le P\u00f4le \u00ab\u00a0URBANISME &amp; ENVIRONNEMENT\u00a0\u00bb<\/h2>\n\n\n\n<div class=\"wp-block-columns are-vertically-aligned-center is-layout-flex wp-container-core-columns-is-layout-28f84493 wp-block-columns-is-layout-flex\">\n<div class=\"wp-block-column is-vertically-aligned-center is-layout-flow wp-block-column-is-layout-flow\">\n<p><img decoding=\"async\" class=\"wp-image-242 aligncenter\" src=\"https:\/\/urbanisme.pia.fr\/wp-content\/uploads\/2023\/02\/Logo-sans-texte-1-300x200.jpg\" alt=\"\" width=\"150\" height=\"100\" srcset=\"https:\/\/urbanisme.pia.fr\/wp-content\/uploads\/2023\/02\/Logo-sans-texte-1-300x200.jpg 300w, https:\/\/urbanisme.pia.fr\/wp-content\/uploads\/2023\/02\/Logo-sans-texte-1-1024x683.jpg 1024w, https:\/\/urbanisme.pia.fr\/wp-content\/uploads\/2023\/02\/Logo-sans-texte-1-768x512.jpg 768w, https:\/\/urbanisme.pia.fr\/wp-content\/uploads\/2023\/02\/Logo-sans-texte-1.jpg 1200w\" sizes=\"(max-width: 150px) 100vw, 150px\" \/><\/p>\n<p style=\"text-align: center;\">18, Avenue du Mar\u00e9chal Joffre<br \/>66380 Pia<\/p>\n<p style=\"text-align: center;\">T\u00e9l. : 04 68 63 75 43<br \/>Mail : <a href=\"mailto:urbanisme@pia.fr\" target=\"_blank\" rel=\"noopener\">urbanisme@pia.fr<\/a><\/p>\n<\/div>\n\n\n\n<div class=\"wp-block-column is-vertically-aligned-center is-layout-flow wp-block-column-is-layout-flow\">\n<h5 style=\"text-align: center;\"><strong>Horaires d&rsquo;ouverture<br \/>\u00e0 l&rsquo;accueil du public :<\/strong><\/h5>\n<p style=\"text-align: center;\">Lundi : 8H30 &#8211; 12H30<br \/>Mardi : 8H30 &#8211; 12H30<br \/>Mercredi : 14H00 &#8211; 17H30<br \/>Jeudi : 8H30 &#8211; 12H30<br \/>Vendredi : 14H00 &#8211; 17H30<\/p>\n<\/div>\n\n\n\n<div class=\"wp-block-column is-vertically-aligned-center is-layout-flow wp-block-column-is-layout-flow\">\n<h5 style=\"text-align: center;\"><strong>Sur rendez-vous,<br \/><\/strong><strong>en fonction du projet :<\/strong><\/h5>\n<p style=\"text-align: center;\">Lundi : 16H00 &#8211; 17H30<br \/>Mardi : 09H00 &#8211; 12H00<br \/>Mercredi : 09H00 &#8211; 12H30<br \/>Vendredi : 09H00 &#8211; 12H00 et 14H00 &#8211; 17H30<\/p>\n\n\n\n<p style=\"text-align: center;\"><em>Les demandes de RDV sont \u00e0 formuler par mail.<\/em><\/p>\n<\/div>\n<\/div>\n","protected":false},"excerpt":{"rendered":"<p>Un alignement permet de d\u00e9limiter la domaine public (mat\u00e9rialis\u00e9 sur les plans cadastraux pour une parcelle sans num\u00e9ro) du domaine priv\u00e9. Les arr\u00eat\u00e9s d&rsquo;alignement sont pris par le propri\u00e9taire de la voie publique (Maire, Pr\u00e9sident du Conseil D\u00e9partemental ou Pr\u00e9fet). Alignements individuels Les arr\u00eat\u00e9s d&rsquo;alignements individuels sont souvent demand\u00e9s par les g\u00e9om\u00e8tres-experts apr\u00e8s la r\u00e9alisation [&hellip;]<\/p>\n","protected":false},"author":2,"featured_media":0,"parent":0,"menu_order":0,"comment_status":"closed","ping_status":"closed","template":"","meta":{"footnotes":""},"class_list":["post-1218","page","type-page","status-publish","hentry"],"_links":{"self":[{"href":"https:\/\/urbanisme.pia.fr\/index.php\/wp-json\/wp\/v2\/pages\/1218","targetHints":{"allow":["GET"]}}],"collection":[{"href":"https:\/\/urbanisme.pia.fr\/index.php\/wp-json\/wp\/v2\/pages"}],"about":[{"href":"https:\/\/urbanisme.pia.fr\/index.php\/wp-json\/wp\/v2\/types\/page"}],"author":[{"embeddable":true,"href":"https:\/\/urbanisme.pia.fr\/index.php\/wp-json\/wp\/v2\/users\/2"}],"replies":[{"embeddable":true,"href":"https:\/\/urbanisme.pia.fr\/index.php\/wp-json\/wp\/v2\/comments?post=1218"}],"version-history":[{"count":7,"href":"https:\/\/urbanisme.pia.fr\/index.php\/wp-json\/wp\/v2\/pages\/1218\/revisions"}],"predecessor-version":[{"id":1709,"href":"https:\/\/urbanisme.pia.fr\/index.php\/wp-json\/wp\/v2\/pages\/1218\/revisions\/1709"}],"wp:attachment":[{"href":"https:\/\/urbanisme.pia.fr\/index.php\/wp-json\/wp\/v2\/media?parent=1218"}],"curies":[{"name":"wp","href":"https:\/\/api.w.org\/{rel}","templated":true}]}}