{"id":1014,"date":"2023-04-21T12:54:27","date_gmt":"2023-04-21T10:54:27","guid":{"rendered":"https:\/\/urbanisme.pia.fr\/?page_id=1014"},"modified":"2025-04-02T15:55:50","modified_gmt":"2025-04-02T13:55:50","slug":"debroussaillage","status":"publish","type":"page","link":"https:\/\/urbanisme.pia.fr\/index.php\/debroussaillage\/","title":{"rendered":"D\u00e9broussaillage"},"content":{"rendered":"\n<div class=\"wp-block-columns is-layout-flex wp-container-core-columns-is-layout-28f84493 wp-block-columns-is-layout-flex\">\n<div class=\"wp-block-column is-layout-flow wp-block-column-is-layout-flow\">\n<figure class=\"wp-block-image size-large\"><img fetchpriority=\"high\" decoding=\"async\" width=\"1024\" height=\"575\" src=\"https:\/\/urbanisme.pia.fr\/wp-content\/uploads\/2023\/05\/vignette_1920x1080_cigarette-1024x575.jpg\" alt=\"\" class=\"wp-image-1132\" srcset=\"https:\/\/urbanisme.pia.fr\/wp-content\/uploads\/2023\/05\/vignette_1920x1080_cigarette-1024x575.jpg 1024w, https:\/\/urbanisme.pia.fr\/wp-content\/uploads\/2023\/05\/vignette_1920x1080_cigarette-300x169.jpg 300w, https:\/\/urbanisme.pia.fr\/wp-content\/uploads\/2023\/05\/vignette_1920x1080_cigarette-768x431.jpg 768w, https:\/\/urbanisme.pia.fr\/wp-content\/uploads\/2023\/05\/vignette_1920x1080_cigarette.jpg 1036w\" sizes=\"(max-width: 1024px) 100vw, 1024px\" \/><\/figure>\n<\/div>\n\n\n\n<div class=\"wp-block-column is-layout-flow wp-block-column-is-layout-flow\">\n<figure class=\"wp-block-image size-large\"><img decoding=\"async\" width=\"1024\" height=\"576\" src=\"https:\/\/urbanisme.pia.fr\/wp-content\/uploads\/2023\/05\/Vignette-RS-1920x1080_Le-saviez-vous_3-1024x576.png\" alt=\"\" class=\"wp-image-1130\" srcset=\"https:\/\/urbanisme.pia.fr\/wp-content\/uploads\/2023\/05\/Vignette-RS-1920x1080_Le-saviez-vous_3-1024x576.png 1024w, https:\/\/urbanisme.pia.fr\/wp-content\/uploads\/2023\/05\/Vignette-RS-1920x1080_Le-saviez-vous_3-300x169.png 300w, https:\/\/urbanisme.pia.fr\/wp-content\/uploads\/2023\/05\/Vignette-RS-1920x1080_Le-saviez-vous_3-768x432.png 768w, https:\/\/urbanisme.pia.fr\/wp-content\/uploads\/2023\/05\/Vignette-RS-1920x1080_Le-saviez-vous_3-1536x864.png 1536w, https:\/\/urbanisme.pia.fr\/wp-content\/uploads\/2023\/05\/Vignette-RS-1920x1080_Le-saviez-vous_3.png 1920w\" sizes=\"(max-width: 1024px) 100vw, 1024px\" \/><\/figure>\n<\/div>\n<\/div>\n\n\n\n<div class=\"wp-block-columns is-layout-flex wp-container-core-columns-is-layout-28f84493 wp-block-columns-is-layout-flex\">\n<div class=\"wp-block-column is-layout-flow wp-block-column-is-layout-flow\" style=\"flex-basis:25%\">\n<p style=\"text-align: center;\"><img decoding=\"async\" class=\"aligncenter wp-image-1027\" src=\"https:\/\/urbanisme.pia.fr\/wp-content\/uploads\/2023\/04\/Affiche-2021.jpg\" alt=\"\" width=\"500\" height=\"734\" srcset=\"https:\/\/urbanisme.pia.fr\/wp-content\/uploads\/2023\/04\/Affiche-2021.jpg 720w, https:\/\/urbanisme.pia.fr\/wp-content\/uploads\/2023\/04\/Affiche-2021-204x300.jpg 204w, https:\/\/urbanisme.pia.fr\/wp-content\/uploads\/2023\/04\/Affiche-2021-698x1024.jpg 698w\" sizes=\"(max-width: 500px) 100vw, 500px\" \/><\/p>\n<\/div>\n\n\n\n<div class=\"wp-block-column is-vertically-aligned-center is-layout-flow wp-block-column-is-layout-flow\" style=\"flex-basis:50%\">\n<h1 style=\"text-align: center;\">Monsieur le Maire compte sur le civisme de chacun<\/h1>\n\n\n\n<p>Les incendies de v\u00e9g\u00e9tation constituent un risque majeur dans notre d\u00e9partement. Les \u00e9v\u00e9nements pass\u00e9s nous rappellent l\u2019importance de l\u2019implication de tous, notamment des propri\u00e9taires. Le d\u00e9broussaillement des terrains constitue un outil primordial de la strat\u00e9gie de pr\u00e9vention.<\/p>\n<\/p>\n\n\n\n<p>Cette ann\u00e9e, ce risque est encore plus important du fait de l\u2019hiver extr\u00eamement sec que nous avons connu. Depuis juin 2022, les arr\u00eat\u00e9s pr\u00e9fectoraux s\u2019enchainent pour instaurer des mesures de restriction sur l\u2019utilisation de l\u2019eau, qui est essentielle pour \u00e9teindre les incendies.<\/p>\n<\/div>\n\n\n\n<div class=\"wp-block-column is-vertically-aligned-center is-layout-flow wp-block-column-is-layout-flow\" style=\"flex-basis:25%\">\n<p style=\"text-align: center;\"><img loading=\"lazy\" decoding=\"async\" class=\"aligncenter wp-image-1045\" src=\"https:\/\/urbanisme.pia.fr\/wp-content\/uploads\/2023\/04\/Debroussaillage.jpg\" alt=\"\" width=\"300\" height=\"225\" srcset=\"https:\/\/urbanisme.pia.fr\/wp-content\/uploads\/2023\/04\/Debroussaillage.jpg 1179w, https:\/\/urbanisme.pia.fr\/wp-content\/uploads\/2023\/04\/Debroussaillage-300x225.jpg 300w, https:\/\/urbanisme.pia.fr\/wp-content\/uploads\/2023\/04\/Debroussaillage-1024x768.jpg 1024w, https:\/\/urbanisme.pia.fr\/wp-content\/uploads\/2023\/04\/Debroussaillage-768x576.jpg 768w\" sizes=\"(max-width: 300px) 100vw, 300px\" \/><\/p>\n<\/p>\n\n\n\n<p><a href=\"https:\/\/urbanisme.pia.fr\/wp-content\/uploads\/2023\/05\/Meteo-France.jpg\" target=\"_blank\" rel=\"noopener\"><img loading=\"lazy\" decoding=\"async\" class=\"aligncenter wp-image-1133 size-medium\" src=\"https:\/\/urbanisme.pia.fr\/wp-content\/uploads\/2023\/05\/Meteo-France-300x295.jpg\" alt=\"\" width=\"300\" height=\"295\" srcset=\"https:\/\/urbanisme.pia.fr\/wp-content\/uploads\/2023\/05\/Meteo-France-300x295.jpg 300w, https:\/\/urbanisme.pia.fr\/wp-content\/uploads\/2023\/05\/Meteo-France.jpg 720w\" sizes=\"(max-width: 300px) 100vw, 300px\" \/><\/a><\/p>\n<\/div>\n<\/div>\n\n\n\n<div class=\"wp-block-columns is-not-stacked-on-mobile is-layout-flex wp-container-core-columns-is-layout-28f84493 wp-block-columns-is-layout-flex\">\n<div class=\"wp-block-column is-vertically-aligned-center is-layout-flow wp-block-column-is-layout-flow\" style=\"flex-basis:20%\">\n<figure class=\"wp-block-image alignright size-full is-resized\"><img loading=\"lazy\" decoding=\"async\" width=\"225\" height=\"225\" src=\"https:\/\/urbanisme.pia.fr\/wp-content\/uploads\/2023\/02\/ATTENTION.png\" alt=\"\" class=\"wp-image-638\" style=\"width:auto;height:100px\" srcset=\"https:\/\/urbanisme.pia.fr\/wp-content\/uploads\/2023\/02\/ATTENTION.png 225w, https:\/\/urbanisme.pia.fr\/wp-content\/uploads\/2023\/02\/ATTENTION-150x150.png 150w\" sizes=\"(max-width: 225px) 100vw, 225px\" \/><\/figure>\n<\/div>\n\n\n\n<div class=\"wp-block-column is-vertically-aligned-center has-pale-cyan-blue-background-color has-background is-layout-flow wp-block-column-is-layout-flow\" style=\"flex-basis:40%\">\n<p style=\"text-align: center;\"><a href=\"https:\/\/urbanisme.pia.fr\/index.php\/preservation-de-la-ressource-en-eau\/\" target=\"_blank\" rel=\"noopener\"><strong>Restrictions d&rsquo;eau<br \/>en cours<\/strong><\/a><\/p>\n<\/div>\n\n\n\n<div class=\"wp-block-column is-vertically-aligned-center is-layout-flow wp-block-column-is-layout-flow\" style=\"flex-basis:40%\">\n<figure class=\"wp-block-image alignleft size-large is-resized\"><img loading=\"lazy\" decoding=\"async\" width=\"1024\" height=\"681\" src=\"https:\/\/urbanisme.pia.fr\/wp-content\/uploads\/2023\/02\/Preservons-leau-1024x681.png\" alt=\"\" class=\"wp-image-633\" style=\"width:auto;height:100px\" srcset=\"https:\/\/urbanisme.pia.fr\/wp-content\/uploads\/2023\/02\/Preservons-leau-1024x681.png 1024w, https:\/\/urbanisme.pia.fr\/wp-content\/uploads\/2023\/02\/Preservons-leau-300x200.png 300w, https:\/\/urbanisme.pia.fr\/wp-content\/uploads\/2023\/02\/Preservons-leau-768x511.png 768w, https:\/\/urbanisme.pia.fr\/wp-content\/uploads\/2023\/02\/Preservons-leau.png 1200w\" sizes=\"(max-width: 1024px) 100vw, 1024px\" \/><\/figure>\n<\/div>\n<\/div>\n\n\n\n<div class=\"wp-block-columns is-layout-flex wp-container-core-columns-is-layout-28f84493 wp-block-columns-is-layout-flex\">\n<div class=\"wp-block-column is-layout-flow wp-block-column-is-layout-flow\" style=\"flex-basis:66.66%\">\n<p><strong><em>Comme demand\u00e9 par l\u2019Article <a href=\"https:\/\/www.legifrance.gouv.fr\/codes\/article_lc\/LEGIARTI000006390212\" target=\"_blank\" rel=\"noopener\">L.2213-25<\/a> du Code G\u00e9n\u00e9ral des Collectivit\u00e9s Territorial, renforc\u00e9 par l\u2019<a href=\"https:\/\/urbanisme.pia.fr\/wp-content\/uploads\/2023\/04\/20130826-AP2013238-0011.pdf\" target=\"_blank\" rel=\"noopener\">Arr\u00eat\u00e9 Pr\u00e9fectoral permanent<\/a> n\u00b02013238-0011 du 26 ao\u00fbt 2013 et la <a href=\"https:\/\/urbanisme.pia.fr\/wp-content\/uploads\/2023\/04\/20180611-Circulaire-prevention-des-incendies.pdf\" target=\"_blank\" rel=\"noopener\">Circulaire Pr\u00e9fectoral<\/a> du 11 juin 2018, tous les terrains situ\u00e9s en zone urbaine (zones U du PLU) ou \u00e0 moins de 50 m\u00e8tres des zones b\u00e2ties (habitations, d\u00e9pendances, chantiers, ateliers ou usines) doivent \u00eatre d\u00e9broussaill\u00e9s avant le 1er juin.<\/em><\/strong><\/p>\n<p>Il est rappel\u00e9 aux propri\u00e9taires qui ne r\u00e9aliseraient le d\u00e9broussaillement de leur terrain que :<\/p>\n<ul>\n<li>Le Maire peut faire ex\u00e9cuter les travaux n\u00e9cessaire \u00e0 vos frais ;<\/li>\n<li>Les infractions \u00e0 l&#8217;emploi du feu (incin\u00e9ration de v\u00e9g\u00e9taux, \u00e9cobuage, etc.) ou \u00e0 l&rsquo;obligation de d\u00e9broussaillement sont passibles de sanctions p\u00e9nales ;<\/li>\n<li>En cas de d\u00e9part de feu, votre responsabilit\u00e9 personnelle pourrait \u00eatre engag\u00e9e.<\/li>\n<\/ul>\n<\/div>\n\n\n\n<div class=\"wp-block-column is-vertically-aligned-center is-layout-flow wp-block-column-is-layout-flow\" style=\"flex-basis:33.33%\">\n<figure class=\"wp-block-image size-large\"><img loading=\"lazy\" decoding=\"async\" width=\"1024\" height=\"576\" src=\"https:\/\/urbanisme.pia.fr\/wp-content\/uploads\/2023\/05\/Vignette-RS-1920x1080_Les-bonnes-raisons_5-1024x576.png\" alt=\"\" class=\"wp-image-1142\" srcset=\"https:\/\/urbanisme.pia.fr\/wp-content\/uploads\/2023\/05\/Vignette-RS-1920x1080_Les-bonnes-raisons_5-1024x576.png 1024w, https:\/\/urbanisme.pia.fr\/wp-content\/uploads\/2023\/05\/Vignette-RS-1920x1080_Les-bonnes-raisons_5-300x169.png 300w, https:\/\/urbanisme.pia.fr\/wp-content\/uploads\/2023\/05\/Vignette-RS-1920x1080_Les-bonnes-raisons_5-768x432.png 768w, https:\/\/urbanisme.pia.fr\/wp-content\/uploads\/2023\/05\/Vignette-RS-1920x1080_Les-bonnes-raisons_5-1536x864.png 1536w, https:\/\/urbanisme.pia.fr\/wp-content\/uploads\/2023\/05\/Vignette-RS-1920x1080_Les-bonnes-raisons_5.png 1920w\" sizes=\"(max-width: 1024px) 100vw, 1024px\" \/><\/figure>\n<\/div>\n<\/div>\n\n\n\n<div class=\"wp-block-columns is-layout-flex wp-container-core-columns-is-layout-28f84493 wp-block-columns-is-layout-flex\">\n<div class=\"wp-block-column is-layout-flow wp-block-column-is-layout-flow\">\n<a href=\"https:\/\/urbanisme.pia.fr\/wp-content\/uploads\/2023\/04\/20130826-AP2013238-0011.pdf\" class=\"pdfemb-viewer\" style=\"\" data-width=\"max\" data-height=\"max\" data-toolbar=\"bottom\" data-toolbar-fixed=\"off\">20130826 - AP2013238-0011<\/a>\n<\/div>\n\n\n\n<div class=\"wp-block-column is-layout-flow wp-block-column-is-layout-flow\">\n<a href=\"https:\/\/urbanisme.pia.fr\/wp-content\/uploads\/2023\/04\/20180611-Circulaire-prevention-des-incendies.pdf\" class=\"pdfemb-viewer\" style=\"\" data-width=\"max\" data-height=\"max\" data-toolbar=\"bottom\" data-toolbar-fixed=\"off\">20180611 - Circulaire pr\u00e9vention des incendies<\/a>\n<\/div>\n<\/div>\n\n\n\n<div class=\"wp-block-columns is-layout-flex wp-container-core-columns-is-layout-28f84493 wp-block-columns-is-layout-flex\">\n<div class=\"wp-block-column is-vertically-aligned-center is-layout-flow wp-block-column-is-layout-flow\">\n<p><em><strong>Le 13 avril 2023, la Commune a envoy\u00e9 un courrier d&rsquo;information \u00e0 tous les propri\u00e9taires concern\u00e9s par l&rsquo;obligation de d\u00e9broussaillement.<\/strong><\/em><\/p>\n<\/p>\n<p><em><strong>A compter du 1er juin, les Services Communaux seront attentifs aux parcelles non entretenus et qui pr\u00e9sentent un risque d&rsquo;incendie.<\/strong><\/em><\/p>\n<\/p>\n\n\n\n<figure class=\"wp-block-image aligncenter size-full\"><img loading=\"lazy\" decoding=\"async\" width=\"600\" height=\"399\" src=\"https:\/\/urbanisme.pia.fr\/wp-content\/uploads\/2023\/05\/comment-debroussailler.jpg\" alt=\"\" class=\"wp-image-1131\" srcset=\"https:\/\/urbanisme.pia.fr\/wp-content\/uploads\/2023\/05\/comment-debroussailler.jpg 600w, https:\/\/urbanisme.pia.fr\/wp-content\/uploads\/2023\/05\/comment-debroussailler-300x200.jpg 300w\" sizes=\"(max-width: 600px) 100vw, 600px\" \/><\/figure>\n<\/div>\n\n\n\n<div class=\"wp-block-column is-layout-flow wp-block-column-is-layout-flow\"><a href=\"https:\/\/urbanisme.pia.fr\/wp-content\/uploads\/2023\/05\/Couv_A4_-web.pdf\" class=\"pdfemb-viewer\" style=\"\" data-width=\"max\" data-height=\"max\" data-toolbar=\"bottom\" data-toolbar-fixed=\"off\">Couv_A4_-web<\/a><\/div>\n<\/div>\n\n\n<p style=\"text-align: right;\">24\/05\/2023<\/p>\n\n\n<hr class=\"wp-block-separator has-alpha-channel-opacity\"\/>\n\n\n\n<div class=\"wp-block-columns is-layout-flex wp-container-core-columns-is-layout-28f84493 wp-block-columns-is-layout-flex\">\n<div class=\"wp-block-column is-vertically-aligned-center is-layout-flow wp-block-column-is-layout-flow\" style=\"flex-basis:33.33%\">\n<p style=\"text-align: center;\"><a href=\"https:\/\/urbanisme.pia.fr\/wp-content\/uploads\/2023\/04\/Affiche-incendie.pdf\" class=\"pdfemb-viewer\" style=\"\" data-width=\"max\" data-height=\"max\" data-toolbar=\"bottom\" data-toolbar-fixed=\"off\">Affiche incendie<\/a><\/p>\n<\/div>\n\n\n\n<div class=\"wp-block-column is-layout-flow wp-block-column-is-layout-flow\" style=\"flex-basis:75%\">\n<ul>\n<li>14\/08\/2023 : Incendie \u00e0 Saint Andr\u00e9 (500 hectares, 30 maisons touch\u00e9es dont 8 o\u00f9 le feu est entr\u00e9)<\/li>\n<li>08\/05\/2023 : Incendie \u00e0 Argel\u00e8s sur Mer (30 hectares)<\/li>\n<li style=\"text-align: left;\">16\/04\/2023 : <a href=\"https:\/\/www.pyrenees-orientales.gouv.fr\/index.php\/Actualites\/Communique-de-presse\/Annee-2023\/Avril-2023\/Incendie-sur-le-secteur-de-Cerbere-et-Banyuls-sur-Mer-18h30\" target=\"_blank\" rel=\"noreferrer noopener\" data-rich-text-format-boundary=\"true\">Incendie de Cerb\u00e8re et Banyuls sur mer (plus de 950 hectares)<\/a><\/li>\n<\/ul>\n<p><a href=\"https:\/\/urbanisme.pia.fr\/wp-content\/uploads\/2023\/04\/Cerbere-2020-2023.jpg\" target=\"_blank\" rel=\"noopener\"><img loading=\"lazy\" decoding=\"async\" class=\"aligncenter wp-image-1036\" src=\"https:\/\/urbanisme.pia.fr\/wp-content\/uploads\/2023\/04\/Cerbere-2020-2023.jpg\" alt=\"\" width=\"500\" height=\"205\" srcset=\"https:\/\/urbanisme.pia.fr\/wp-content\/uploads\/2023\/04\/Cerbere-2020-2023.jpg 2297w, https:\/\/urbanisme.pia.fr\/wp-content\/uploads\/2023\/04\/Cerbere-2020-2023-300x123.jpg 300w, https:\/\/urbanisme.pia.fr\/wp-content\/uploads\/2023\/04\/Cerbere-2020-2023-1024x421.jpg 1024w, https:\/\/urbanisme.pia.fr\/wp-content\/uploads\/2023\/04\/Cerbere-2020-2023-768x316.jpg 768w, https:\/\/urbanisme.pia.fr\/wp-content\/uploads\/2023\/04\/Cerbere-2020-2023-1536x631.jpg 1536w, https:\/\/urbanisme.pia.fr\/wp-content\/uploads\/2023\/04\/Cerbere-2020-2023-2048x842.jpg 2048w\" sizes=\"(max-width: 500px) 100vw, 500px\" \/><\/a><\/p>\n<ul>\n<li>28\/06\/2022 : Incendie d&rsquo;Opoul-Perillos et Salses-le-Ch\u00e2teau (1.200hectares)\n<ul>\n<li><a href=\"https:\/\/www.pyrenees-orientales.gouv.fr\/Actualites\/Communique-de-presse\/Annee-2022\/Juin-2022\/Incendie-a-Opoul-Perillos-et-Salses-le-Chateau-dans-les-Pyrenees-Orientales2\" target=\"_blank\" rel=\"noreferrer noopener\" data-rich-text-format-boundary=\"true\">Communiqu\u00e9 de presse du 29\/06\/2022<\/a><\/li>\n<li><a href=\"https:\/\/www.pyrenees-orientales.gouv.fr\/Actualites\/Communique-de-presse\/Annee-2022\/Juin-2022\/Incendie-a-Opoul-Perillos-et-Salses-le-Chateau-dans-les-Pyrenees-Orientales\" target=\"_blank\" rel=\"noreferrer noopener\" data-rich-text-format-boundary=\"true\">Communiqu\u00e9 de presse du 28\/06\/2022<\/a><\/li>\n<\/ul>\n<\/li>\n<\/ul>\n<\/div>\n<\/div>\n\n\n\n<hr class=\"wp-block-separator has-alpha-channel-opacity\"\/>\n\n\n\n<h2 class=\"wp-block-heading has-text-align-center\">Contacter le P\u00f4le \u00ab\u00a0URBANISME &amp; ENVIRONNEMENT\u00a0\u00bb<\/h2>\n\n\n\n<div class=\"wp-block-columns are-vertically-aligned-center is-layout-flex wp-container-core-columns-is-layout-28f84493 wp-block-columns-is-layout-flex\">\n<div class=\"wp-block-column is-vertically-aligned-center is-layout-flow wp-block-column-is-layout-flow\">\n<p><img loading=\"lazy\" decoding=\"async\" class=\"wp-image-242 aligncenter\" src=\"https:\/\/urbanisme.pia.fr\/wp-content\/uploads\/2023\/02\/Logo-sans-texte-1-300x200.jpg\" alt=\"\" width=\"150\" height=\"100\" srcset=\"https:\/\/urbanisme.pia.fr\/wp-content\/uploads\/2023\/02\/Logo-sans-texte-1-300x200.jpg 300w, https:\/\/urbanisme.pia.fr\/wp-content\/uploads\/2023\/02\/Logo-sans-texte-1-1024x683.jpg 1024w, https:\/\/urbanisme.pia.fr\/wp-content\/uploads\/2023\/02\/Logo-sans-texte-1-768x512.jpg 768w, https:\/\/urbanisme.pia.fr\/wp-content\/uploads\/2023\/02\/Logo-sans-texte-1.jpg 1200w\" sizes=\"(max-width: 150px) 100vw, 150px\" \/><\/p>\n<p style=\"text-align: center;\">18, Avenue du Mar\u00e9chal Joffre<br \/>66380 Pia<\/p>\n<p style=\"text-align: center;\">T\u00e9l. : 04 68 63 75 43<br \/>Mail : <a href=\"mailto:urbanisme@pia.fr\" target=\"_blank\" rel=\"noopener\">urbanisme@pia.fr<\/a><\/p>\n<\/div>\n\n\n\n<div class=\"wp-block-column is-vertically-aligned-center is-layout-flow wp-block-column-is-layout-flow\">\n<h5 style=\"text-align: center;\"><strong>Horaires d&rsquo;ouverture<br \/>\u00e0 l&rsquo;accueil du public :<\/strong><\/h5>\n<p style=\"text-align: center;\">Lundi : 8H30 &#8211; 12H30<br \/>Mardi : 8H30 &#8211; 12H30<br \/>Mercredi : 14H00 &#8211; 17H30<br \/>Jeudi : 8H30 &#8211; 12H30<br \/>Vendredi : 14H00 &#8211; 17H30<\/p>\n<\/div>\n\n\n\n<div class=\"wp-block-column is-vertically-aligned-center is-layout-flow wp-block-column-is-layout-flow\">\n<h5 style=\"text-align: center;\"><strong>Sur rendez-vous,<br \/><\/strong><strong>en fonction du projet :<\/strong><\/h5>\n<p style=\"text-align: center;\">Lundi : 16H00 &#8211; 17H30<br \/>Mardi : 09H00 &#8211; 12H00<br \/>Mercredi : 09H00 &#8211; 12H30<br \/>Vendredi : 09H00 &#8211; 12H00 et 14H00 &#8211; 17H30<\/p>\n\n\n\n<p style=\"text-align: center;\"><em>Les demandes de RDV sont \u00e0 formuler par mail.<\/em><\/p>\n<\/div>\n<\/div>\n","protected":false},"excerpt":{"rendered":"<p>Monsieur le Maire compte sur le civisme de chacun Les incendies de v\u00e9g\u00e9tation constituent un risque majeur dans notre d\u00e9partement. Les \u00e9v\u00e9nements pass\u00e9s nous rappellent l\u2019importance de l\u2019implication de tous, notamment des propri\u00e9taires. Le d\u00e9broussaillement des terrains constitue un outil primordial de la strat\u00e9gie de pr\u00e9vention. Cette ann\u00e9e, ce risque est encore plus important du [&hellip;]<\/p>\n","protected":false},"author":2,"featured_media":0,"parent":0,"menu_order":0,"comment_status":"closed","ping_status":"closed","template":"","meta":{"footnotes":""},"class_list":["post-1014","page","type-page","status-publish","hentry"],"_links":{"self":[{"href":"https:\/\/urbanisme.pia.fr\/index.php\/wp-json\/wp\/v2\/pages\/1014","targetHints":{"allow":["GET"]}}],"collection":[{"href":"https:\/\/urbanisme.pia.fr\/index.php\/wp-json\/wp\/v2\/pages"}],"about":[{"href":"https:\/\/urbanisme.pia.fr\/index.php\/wp-json\/wp\/v2\/types\/page"}],"author":[{"embeddable":true,"href":"https:\/\/urbanisme.pia.fr\/index.php\/wp-json\/wp\/v2\/users\/2"}],"replies":[{"embeddable":true,"href":"https:\/\/urbanisme.pia.fr\/index.php\/wp-json\/wp\/v2\/comments?post=1014"}],"version-history":[{"count":57,"href":"https:\/\/urbanisme.pia.fr\/index.php\/wp-json\/wp\/v2\/pages\/1014\/revisions"}],"predecessor-version":[{"id":1837,"href":"https:\/\/urbanisme.pia.fr\/index.php\/wp-json\/wp\/v2\/pages\/1014\/revisions\/1837"}],"wp:attachment":[{"href":"https:\/\/urbanisme.pia.fr\/index.php\/wp-json\/wp\/v2\/media?parent=1014"}],"curies":[{"name":"wp","href":"https:\/\/api.w.org\/{rel}","templated":true}]}}